{"id":106,"date":"2023-01-05T20:54:21","date_gmt":"2023-01-05T19:54:21","guid":{"rendered":"https:\/\/singabiz.com\/de\/?page_id=106"},"modified":"2024-01-25T14:20:26","modified_gmt":"2024-01-25T13:20:26","slug":"niederlande","status":"publish","type":"page","link":"https:\/\/singabiz.com\/de\/internationales-business\/niederlande\/","title":{"rendered":"Niederlande"},"content":{"rendered":"\n<p>Die Niederlande haben unbestreitbare Vorteile, wenn es darum geht, dort ein Unternehmen zu gr\u00fcnden. Das Land hat eine strategisch wichtige Lage innerhalb der EU mit perfekten Verbindungen zu anderen L\u00e4ndern, sei es \u00fcber Seeh\u00e4fen, oder \u00fcber Schiphol \u2013 einen der gr\u00f6\u00dften Flugh\u00e4fen in Europa. Es hat eine wettbewerbsf\u00e4hige Gesetzgebung in Bezug auf Steuern und Abgaben. Die Zahl der Doppelbesteuerungsabkommen, die die Niederlande mit anderen L\u00e4ndern geschlossen haben, ist eine der h\u00f6chsten weltweit. Fast die gesamte Bev\u00f6lkerung spricht perfekt Englisch, viel sprechen sehr gut Deutsch. In den Niederlanden k\u00f6nnen Sie hochqualifizierte Mitarbeiter f\u00fcr Ihre Branche finden.<\/p>\n\n\n\n<p>Seit der zweiten Jahresh\u00e4lfte 2022 hat Singabiz einen Partner innerhalb von Singabiz Network, der Sie bei der Firmengr\u00fcndung und dem allt\u00e4glichen Gesch\u00e4ftsbetrieb in den Niederlanden unterst\u00fctzen kann. Innerhalb von Singabiz Network k\u00f6nnen Sie selbstverst\u00e4ndlich auf die Unterst\u00fctzung weiterer internationaler Partner von Singabiz Network, sowie von Singabiz selbst zur\u00fcckgreifen, was Ihnen einen starken Wettbewerbsvorteil gegen\u00fcber Ihrer Konkurrenz und die M\u00f6glichkeit der Expansion in weitere L\u00e4nder mit dem notwendigen Support aus einer Hand verschafft.<\/p>\n","protected":false},"excerpt":{"rendered":"<p>Die Niederlande haben unbestreitbare Vorteile, wenn es darum geht, dort ein Unternehmen zu gr\u00fcnden. Das Land hat eine strategisch wichtige Lage innerhalb der EU mit perfekten Verbindungen zu anderen L\u00e4ndern, sei es \u00fcber Seeh\u00e4fen, oder \u00fcber Schiphol \u2013 einen der gr\u00f6\u00dften Flugh\u00e4fen in Europa. Es hat eine wettbewerbsf\u00e4hige Gesetzgebung in<\/p>\n","protected":false},"author":1,"featured_media":0,"parent":33,"menu_order":150,"comment_status":"closed","ping_status":"closed","template":"","meta":{"footnotes":""},"class_list":["post-106","page","type-page","status-publish","hentry"],"_links":{"self":[{"href":"https:\/\/singabiz.com\/de\/wp-json\/wp\/v2\/pages\/106","targetHints":{"allow":["GET"]}}],"collection":[{"href":"https:\/\/singabiz.com\/de\/wp-json\/wp\/v2\/pages"}],"about":[{"href":"https:\/\/singabiz.com\/de\/wp-json\/wp\/v2\/types\/page"}],"author":[{"embeddable":true,"href":"https:\/\/singabiz.com\/de\/wp-json\/wp\/v2\/users\/1"}],"replies":[{"embeddable":true,"href":"https:\/\/singabiz.com\/de\/wp-json\/wp\/v2\/comments?post=106"}],"version-history":[{"count":1,"href":"https:\/\/singabiz.com\/de\/wp-json\/wp\/v2\/pages\/106\/revisions"}],"predecessor-version":[{"id":107,"href":"https:\/\/singabiz.com\/de\/wp-json\/wp\/v2\/pages\/106\/revisions\/107"}],"up":[{"embeddable":true,"href":"https:\/\/singabiz.com\/de\/wp-json\/wp\/v2\/pages\/33"}],"wp:attachment":[{"href":"https:\/\/singabiz.com\/de\/wp-json\/wp\/v2\/media?parent=106"}],"curies":[{"name":"wp","href":"https:\/\/api.w.org\/{rel}","templated":true}]}}