{"id":108,"date":"2023-01-05T20:55:09","date_gmt":"2023-01-05T19:55:09","guid":{"rendered":"https:\/\/singabiz.com\/de\/?page_id=108"},"modified":"2024-01-25T14:20:33","modified_gmt":"2024-01-25T13:20:33","slug":"portugal","status":"publish","type":"page","link":"https:\/\/singabiz.com\/de\/internationales-business\/portugal\/","title":{"rendered":"Portugal"},"content":{"rendered":"\n<p>Portugal ist ein sehr gutes Land nicht nur f\u00fcr Ihr Business, sondern auch aus der Sicht des pers\u00f6nlichen Aufenthalts.<\/p>\n\n\n\n<p>Es ist recht einfach, in Portugal eine Firma zu gr\u00fcnden. In einigen Sonderwirtschaftszonen, wie z.B. auf Madeira, kann Ihr Unternehmen von speziellen Steuerregelungen profitieren, wobei es gleichzeitig die portugiesische Umsatzsteuer-ID und den Zugang zu Gesch\u00e4ftskonten in Portugal hat. Portugal hat starke Verbindungen nicht nur innerhalb der EU, sondern auch zu den L\u00e4ndern Lateinamerikas. Das Land ist sicher f\u00fcr Business und f\u00fcr den pers\u00f6nlichen Aufenthalt.<\/p>\n\n\n\n<p>Personen, die sich dazu entscheiden, nach Portugal umzusiedeln, genie\u00dfen das milde Klima, die Mittelmeerk\u00fcste, Berge, moderate Lebenshaltungskosten und \u2013 unter bestimmten Voraussetzungen \u2013 besonderen steuerlichen Status als NHR oder Non-Habitual Resident.<\/p>\n\n\n\n<p>Singabiz hat einen starken Partner innerhalb von Singabiz Network, der Ihnen die notwendige Unterst\u00fctzung sowohl f\u00fcr Ihre Firma, als auch f\u00fcr Ihre pers\u00f6nlichen Pl\u00e4ne in Portugal bieten kann. <strong><\/strong><\/p>\n","protected":false},"excerpt":{"rendered":"<p>Portugal ist ein sehr gutes Land nicht nur f\u00fcr Ihr Business, sondern auch aus der Sicht des pers\u00f6nlichen Aufenthalts. Es ist recht einfach, in Portugal eine Firma zu gr\u00fcnden. In einigen Sonderwirtschaftszonen, wie z.B. auf Madeira, kann Ihr Unternehmen von speziellen Steuerregelungen profitieren, wobei es gleichzeitig die portugiesische Umsatzsteuer-ID und<\/p>\n","protected":false},"author":1,"featured_media":0,"parent":33,"menu_order":160,"comment_status":"closed","ping_status":"closed","template":"","meta":{"footnotes":""},"class_list":["post-108","page","type-page","status-publish","hentry"],"_links":{"self":[{"href":"https:\/\/singabiz.com\/de\/wp-json\/wp\/v2\/pages\/108","targetHints":{"allow":["GET"]}}],"collection":[{"href":"https:\/\/singabiz.com\/de\/wp-json\/wp\/v2\/pages"}],"about":[{"href":"https:\/\/singabiz.com\/de\/wp-json\/wp\/v2\/types\/page"}],"author":[{"embeddable":true,"href":"https:\/\/singabiz.com\/de\/wp-json\/wp\/v2\/users\/1"}],"replies":[{"embeddable":true,"href":"https:\/\/singabiz.com\/de\/wp-json\/wp\/v2\/comments?post=108"}],"version-history":[{"count":1,"href":"https:\/\/singabiz.com\/de\/wp-json\/wp\/v2\/pages\/108\/revisions"}],"predecessor-version":[{"id":109,"href":"https:\/\/singabiz.com\/de\/wp-json\/wp\/v2\/pages\/108\/revisions\/109"}],"up":[{"embeddable":true,"href":"https:\/\/singabiz.com\/de\/wp-json\/wp\/v2\/pages\/33"}],"wp:attachment":[{"href":"https:\/\/singabiz.com\/de\/wp-json\/wp\/v2\/media?parent=108"}],"curies":[{"name":"wp","href":"https:\/\/api.w.org\/{rel}","templated":true}]}}