{"id":133,"date":"2024-01-07T19:14:36","date_gmt":"2024-01-07T18:14:36","guid":{"rendered":"https:\/\/singabiz.com\/de\/?page_id=133"},"modified":"2026-04-06T16:14:20","modified_gmt":"2026-04-06T14:14:20","slug":"vermoegensschutz","status":"publish","type":"page","link":"https:\/\/singabiz.com\/de\/vermoegensschutz\/","title":{"rendered":"Verm\u00f6gensschutz"},"content":{"rendered":"\n<p>In den Zeiten von hoher Inflation, instabiler Wirtschaft und verschwommener Zukunftsaussichten r\u00fcckte der Verm\u00f6gensschutz immer zu den obersten Priorit\u00e4ten vor, sei es bei Unternehmen oder Privatpersonen. Solchen Schutzbedarf kann man \u00fcber die Jahrtausende hinweg durchgehend beobachten. Diversifizierung in unterschiedliche Anlagen und in mehrere L\u00e4nder kann dabei viel bewirken und das Risiko eines Totalkollapses auf pers\u00f6nlicher Ebene abfedern.<\/p>\n\n\n\n<p>Um diesen Bedarf unserer Kunden abdecken zu k\u00f6nnen, hat Singabiz Partnerschaften mit unterschiedlichen Firmen mit exzellenten M\u00f6glichkeiten und Konditionen f\u00fcr unsere Kunden eingegangen. <\/p>\n\n\n\n<p>Unter anderem sind das einer der gr\u00f6\u00dften Anbieter auf dem Gebiet der <a href=\"https:\/\/singabiz.com\/de\/vermoegensschutz\/edelmetalle\/\">Edelmetalle<\/a>, der unseren Kunden seit Ende 2023 die M\u00f6glichkeit bietet, Gold, Silber, Platinum und weitere Metalle zu Sonderkonditionen zu erwerben und diese in einem hochgesicherten Zollfreilager in der Schweiz aufzubewahren, eine der \u00e4ltesten, renommierten und erfahrenen Immobilienagenturen in <a href=\"https:\/\/singabiz.com\/de\/vermoegensschutz\/immobilien-in-panama\/\">Panama <\/a>und die M\u00f6glichkeit des Investments in die besten der besten <a href=\"https:\/\/singabiz.com\/de\/vermoegensschutz\/immobilien-in-vae-dubai\/\">Immobilien in Dubai<\/a>, sowie <a href=\"https:\/\/singabiz.com\/blog\/banks-singapore\/\" target=\"_blank\" rel=\"noreferrer noopener\">Konten in Singapur<\/a> bei weltweit bekannten Banken.<\/p>\n\n\n\n<p>Ferner kann Singabiz Sie dabei unterst\u00fctzen, <a href=\"https:\/\/singabiz.com\/blog\/foundation-panama-liechtenstein\/\">Stiftungen in Liechtenstein und Panama<\/a> korrekt aufzusetzen.<\/p>\n","protected":false},"excerpt":{"rendered":"<p>In den Zeiten von hoher Inflation, instabiler Wirtschaft und verschwommener Zukunftsaussichten r\u00fcckte der Verm\u00f6gensschutz immer zu den obersten Priorit\u00e4ten vor, sei es bei Unternehmen oder Privatpersonen. Solchen Schutzbedarf kann man \u00fcber die Jahrtausende hinweg durchgehend beobachten. Diversifizierung in unterschiedliche Anlagen und in mehrere L\u00e4nder kann dabei viel bewirken und das<\/p>\n","protected":false},"author":1,"featured_media":0,"parent":0,"menu_order":170,"comment_status":"closed","ping_status":"closed","template":"","meta":{"footnotes":""},"class_list":["post-133","page","type-page","status-publish","hentry"],"_links":{"self":[{"href":"https:\/\/singabiz.com\/de\/wp-json\/wp\/v2\/pages\/133","targetHints":{"allow":["GET"]}}],"collection":[{"href":"https:\/\/singabiz.com\/de\/wp-json\/wp\/v2\/pages"}],"about":[{"href":"https:\/\/singabiz.com\/de\/wp-json\/wp\/v2\/types\/page"}],"author":[{"embeddable":true,"href":"https:\/\/singabiz.com\/de\/wp-json\/wp\/v2\/users\/1"}],"replies":[{"embeddable":true,"href":"https:\/\/singabiz.com\/de\/wp-json\/wp\/v2\/comments?post=133"}],"version-history":[{"count":9,"href":"https:\/\/singabiz.com\/de\/wp-json\/wp\/v2\/pages\/133\/revisions"}],"predecessor-version":[{"id":253,"href":"https:\/\/singabiz.com\/de\/wp-json\/wp\/v2\/pages\/133\/revisions\/253"}],"wp:attachment":[{"href":"https:\/\/singabiz.com\/de\/wp-json\/wp\/v2\/media?parent=133"}],"curies":[{"name":"wp","href":"https:\/\/api.w.org\/{rel}","templated":true}]}}