{"id":145,"date":"2024-01-25T14:35:41","date_gmt":"2024-01-25T13:35:41","guid":{"rendered":"https:\/\/singabiz.com\/de\/?page_id=145"},"modified":"2024-11-03T17:51:37","modified_gmt":"2024-11-03T16:51:37","slug":"edelmetalle","status":"publish","type":"page","link":"https:\/\/singabiz.com\/de\/vermoegensschutz\/edelmetalle\/","title":{"rendered":"Edelmetalle"},"content":{"rendered":"\n<p><strong><s>Einmalige Aktion f\u00fcr Ihren Verm\u00f6gensschutz: registrieren Sie sich \u00fcber <a href=\"https:\/\/go.flexgold.com\/c\/EWYHE\">diesen Promo-Link<\/a> als Neukunde bei Flexgold und erh\u00f6hen Sie den Wert Ihres Vaults auf 2.500 CHF oder h\u00f6her bis Ende September und Sie erhalten 1% Cashback im Laufe von Oktober. Die \u00fcblichen Vorteile der Registrierung \u00fcber Singabiz bleiben Ihnen auch in diesem Fall erhalten.<\/s><\/strong><\/p>\n\n\n\n<p>Dank unserer Kooperation mit einem der gr\u00f6\u00dften und renommiertesten Marktplayer der Edelmetalle in Europa haben unsere Kunden die M\u00f6glichkeit, in Edelmetalle zu Sonderkonditionen zu investieren.<\/p>\n\n\n\n<p>Edelmetalle k\u00f6nnen ein sicherer Hafen in Zeiten der Inflation sein. Historische Entwicklung zeigt, dass \u00fcber l\u00e4ngere Zeitperioden der Wert der Edelmetalle relativ stabil bleibt, w\u00e4hrend das Fiat-Geld recht einfach unter der Inflation leidet, bevor es komplett verschwindet (z.B. als Ergebnis von W\u00e4hrungsreformen).<\/p>\n\n\n\n<p>Ihr in Wertmetalle investiertes Verm\u00f6gen kann in einem zollfreien h\u00f6chstgesicherten Lager in der Schweiz aufbewahrt und\/ oder direkt zu Ihnen nach Hause (innerhalb Europas) physisch ausgeliefert werden. Solange Ihr Metall in dem zollfreien Lager verbleibt, sparen Sie auch die m\u00f6gliche Umsatzsteuer, die sonst beim Kauf bestimmter Metalle f\u00e4llig w\u00e4re. Diese wird nur dann berechnet, wenn das Metall an Ihre angegebene Adresse innerhalb Europas physisch ausgeliefert wird. Sie k\u00f6nnen das im Lager aufbewahrte Metall auch zum Tageskurs jederzeit verkaufen, falls Sie wieder Bargeld ben\u00f6tigen.<\/p>\n\n\n\n<p>F\u00fcr Privatpersonen und kleinere Firmen besonders interessant k\u00f6nnte die M\u00f6glichkeit sein, die Wertmetalle \u00fcber einen <strong>Sparplan <\/strong>bereits ab 1 EUR\/ CHF\/ GBP\/ USD Monatsraten abzuschlie\u00dfen (diese M\u00f6glichkeit besteht selbstverst\u00e4ndlich f\u00fcr alle). Mit monatlichen Raten kaufen Sie einen Teileigentum an einem Barren (z.B. an einem Goldbarren) zu den Raten, die an dem jeweiligen Tag gelten, und profitieren somit von dem Cost-Average Effekt.<\/p>\n\n\n\n<p>Ihre Vorteile durch unser Edelmetallangebot (sowohl f\u00fcr Firmen- als auch Privatkunden):<\/p>\n\n\n\n<ul class=\"wp-block-list\">\n<li>Lagerung in einem zollfreien hochgesicherten Lager in der Schweiz \u2013 au\u00dferhalb der EU und der Euro-Zone<\/li>\n\n\n\n<li>Metalle behalten ihre Kaufkraft, Papiergeld leider nicht (Inflation) \u2013 Sie sichern ihr Erspartes vor Inflation<\/li>\n\n\n\n<li>Umsatzsteuerfreier Einkauf \u2013 somit k\u00f6nnen Sie bis zu 23% (je nach Land und dem Mehrwertsteuersatz) gegen\u00fcber dem Kauf in Ihrem Heimatland sparen<\/li>\n\n\n\n<li>Durch die Registrierung \u00fcber den Singabiz-Link sparen Sie 20% auf den m\u00f6glichen Ausgabeaufschlag, selbst in Vergleich zur direkten Registrierung bei Solit. Und das lebenslang!<\/li>\n\n\n\n<li>Monatliche Sparpl\u00e4ne ab 1 EUR\/ CHF\/ GBP\/ USD m\u00f6glich, somit ist diese Form des Verm\u00f6gensschutzes bzw. des Verm\u00f6gensaufbaus f\u00fcr jedermann passend: von Kleinsparern bis verm\u00f6genden Kunden<\/li>\n\n\n\n<li>Sie k\u00f6nnen auch eigene Metalle ins gleiche Lager zur Aufbewahrung einsenden<\/li>\n\n\n\n<li>Selbst mit kleineren Sparbetr\u00e4gen kaufen Sie zum Spotpreis f\u00fcr einen Barren anstatt zum Preis kleinerer Mengen \u2013 Gesamtersparnis bis 48% je nach Metall m\u00f6glich (oder bis 48% mehr Metallmenge f\u00fcr den gleichen Betrag)<\/li>\n\n\n\n<li>In bestimmten L\u00e4ndern (z.B. in Deutschland) ist der Metallverkauf steuerfrei, wenn Sie das Metall mindestens ein Jahr gehalten haben<\/li>\n\n\n\n<li>Der Metalltausch (z.B. von Silber auf Gold oder von Gold auf Silber) ist jederzeit m\u00f6glich, was bei passenden Wechselraten zum noch schnelleren Verm\u00f6gensaufbau beitragen kann, ohne dass man daf\u00fcr mehr vom eigenen Geld einzahlt<\/li>\n\n\n\n<li>Sie kaufen keine Zertifikate, sondern physisches Metall, das Ihnen geh\u00f6rt. Es kann auch zu Ihnen nach Hause geliefert werden (was allerdings nicht immer klug w\u00e4re: im Lager ist Ihr Metall zu 100% seines Wertes versichert. Zu Hause m\u00fcssten Sie es selbst versichern und f\u00fcr eine sichere Lagerung sorgen).<\/li>\n<\/ul>\n\n\n\n<p>Mehr zu dem Thema in unseren Blogartikeln (auf Englisch), z.B. <a href=\"https:\/\/singabiz.com\/blog\/asset-protection-in-turbulent-times\/\">hier<\/a>. <\/p>\n\n\n\n<p>Wir freuen uns, Sie noch genauer zu <a href=\"mailto:info@singabiz.com\">beraten<\/a>. Ansonsten k\u00f6nnen Sie gerne Ihre Registrierung mit den obigen Vorteilen <a href=\"https:\/\/go.flexgold.com\/c\/DWUH5\">direkt hier selbst vornehmen<\/a>.<\/p>\n\n\n\n<p><\/p>\n","protected":false},"excerpt":{"rendered":"<p>Einmalige Aktion f\u00fcr Ihren Verm\u00f6gensschutz: registrieren Sie sich \u00fcber diesen Promo-Link als Neukunde bei Flexgold und erh\u00f6hen Sie den Wert Ihres Vaults auf 2.500 CHF oder h\u00f6her bis Ende September und Sie erhalten 1% Cashback im Laufe von Oktober. Die \u00fcblichen Vorteile der Registrierung \u00fcber Singabiz bleiben Ihnen auch in<\/p>\n","protected":false},"author":1,"featured_media":0,"parent":133,"menu_order":171,"comment_status":"closed","ping_status":"closed","template":"","meta":{"footnotes":""},"class_list":["post-145","page","type-page","status-publish","hentry"],"_links":{"self":[{"href":"https:\/\/singabiz.com\/de\/wp-json\/wp\/v2\/pages\/145","targetHints":{"allow":["GET"]}}],"collection":[{"href":"https:\/\/singabiz.com\/de\/wp-json\/wp\/v2\/pages"}],"about":[{"href":"https:\/\/singabiz.com\/de\/wp-json\/wp\/v2\/types\/page"}],"author":[{"embeddable":true,"href":"https:\/\/singabiz.com\/de\/wp-json\/wp\/v2\/users\/1"}],"replies":[{"embeddable":true,"href":"https:\/\/singabiz.com\/de\/wp-json\/wp\/v2\/comments?post=145"}],"version-history":[{"count":12,"href":"https:\/\/singabiz.com\/de\/wp-json\/wp\/v2\/pages\/145\/revisions"}],"predecessor-version":[{"id":193,"href":"https:\/\/singabiz.com\/de\/wp-json\/wp\/v2\/pages\/145\/revisions\/193"}],"up":[{"embeddable":true,"href":"https:\/\/singabiz.com\/de\/wp-json\/wp\/v2\/pages\/133"}],"wp:attachment":[{"href":"https:\/\/singabiz.com\/de\/wp-json\/wp\/v2\/media?parent=145"}],"curies":[{"name":"wp","href":"https:\/\/api.w.org\/{rel}","templated":true}]}}