{"id":147,"date":"2024-01-25T14:38:01","date_gmt":"2024-01-25T13:38:01","guid":{"rendered":"https:\/\/singabiz.com\/de\/?page_id=147"},"modified":"2024-01-25T14:40:12","modified_gmt":"2024-01-25T13:40:12","slug":"immobilien-in-panama","status":"publish","type":"page","link":"https:\/\/singabiz.com\/de\/vermoegensschutz\/immobilien-in-panama\/","title":{"rendered":"Immobilien in Panama"},"content":{"rendered":"\n<p>Investitionen in Immobilien als die M\u00f6glichkeit des Verm\u00f6gensschutzes kann Ihnen auch noch einen zus\u00e4tzlichen Vorteil mit sich bringen: w\u00e4hrend Ihr in Immobilien investiertes Geld der Inflation trotzt, kann es gleichzeitig auch f\u00fcr sie arbeiten, indem sie die Immobilien vermieten. In diesem Fall geht es nicht nur um den Schutz des investierten Betrages vor der Inflation, sondern auch um eine gewisse und sofortige Rendite in Form von Mietzahlungen.<\/p>\n\n\n\n<p>Die Rendite bei den panamaischen Immobilien kann locker \u00fcber die Marke von 5% gehen. Gleichzeitig ist die panamaische Gesetzgebung sehr eigentumsorientiert und sch\u00fctzt das Eigentum. Lastenausgleich ist ebenfalls ein Fremdwort in Panama.<\/p>\n\n\n\n<p>Wie \u00fcberall auf der Welt ist eines der wichtigsten Kriterien bei der Immobilienwahl die Lage. Und Panama bietet einige vielversprechende Sweetspots sowohl in Panama City als auch au\u00dferhalb, zum Beispiel<\/p>\n\n\n\n<ul class=\"wp-block-list\">\n<li><strong>Costa del Este<\/strong> \u2013 das Zentrum f\u00fcr viele gut betuchte Panamaer und regionale Headquarters von vielen internationalen Korporationen mit F\u00fchrungskr\u00e4ften, die sich eine m\u00f6blierte Wohnung auf Zeit ganz in der N\u00e4he vom B\u00fcro suchen. \u00a0Costa del Este hat eine sehr gut entwickelte Infrastruktur auf modernem Niveau, die f\u00fcr das Leben und Arbeiten ben\u00f6tigt wird, und befindet sich nur ca. 10 Minuten vom internationalen Flughafen Tocumen entfernt, der Panama mit den meisten L\u00e4ndern der amerikanischen Kontinente, mit der Karibik und Europa verbindet. Das ganze Areal ist relativ neu bebaut, mit unterirdisch verlegten Leitungen, breiten B\u00fcrgersteigen, gr\u00fcnen Parks, enormen Shopping Centers usw. Das Bezirk entwickelt sich weiter und es wird weiter flei\u00dfig gebaut.<\/li>\n\n\n\n<li><strong>El Cangrejo<\/strong> \u2013 das Quartal im Zentrum von Panama City zieht viele (auch ausl\u00e4ndische) Rentner an, die ihren Lebensabend zwar in einer gut versorgten, gleichzeitig aber auch relativ ruhigen Gegend im warmen Panama verbringen m\u00f6chten. Wegen bereits existierender Bebauung gibt es deutlich weniger neue Bauprojekte als in Costa del Este, es gibt aber immer noch sehr gute Investmentm\u00f6glichkeiten mit recht guten Renditen.<\/li>\n\n\n\n<li><strong>Avenida Balboa<\/strong> \u2013 die Stra\u00dfe entlang der Pazifikk\u00fcste ist Teil der Interamericana, die vom Kanadas Norden bis zur s\u00fcdlichen Spitze Lateinamerikas f\u00fchrt und auch eine der Hauptverkehrsadern von Panama City ist. Wenn Sie mit dem Flieger in Panama ankommen und bei der Landung entlang der Skyline von Panama City fliegen, so liegt der Gro\u00dfteil der Skyline ausgerechnet entlang der Avenida Balboa. Das Areal entlang der Pazifikk\u00fcste ist bereits stark entwickelt, es bleibt kaum Platz f\u00fcr neue Projekte. Die verf\u00fcgbaren Wohnungen sind allerdings stark gefragt, haben recht niedrige monatlichen Unterhaltskosten und eine sehr attraktive Rendite.<\/li>\n\n\n\n<li><strong>Coronado <\/strong>ist ein Gebiet au\u00dferhalb von Panama City (ca. 1,5 Std. Fahrt) und ist ebenfalls eine hochgefragte Gegend sowohl f\u00fcr Panamaer, die ihre Wochenenden und Feiertage gerne an der K\u00fcste von Coronado verbringen), als auch f\u00fcr viele Nordamerikaner. Der kleine Flughafen von Penonom\u00e9 befindet sich ca. 50 km von Coronado entfernt und bedient auch internationale Fl\u00fcge (es gibt zum Beispiel zwei Charterairlines aus Kanada, die regelm\u00e4\u00dfig den Flughafen anfliegen). Der Bereich von Coronado ist sehr gut erschlossen (Wohnungen, H\u00e4user, Einkaufsm\u00f6glichkeiten, medizinische Versorgung) und es ist zu erwarten, dass \u2013 sobald die Bauarbeiten auf der Strecke zwischen Panama City und Coronado abgeschlossen sind und sich die Fahrtzeit auf etwa eine Stunde reduziert \u2013 die Immobilienpreise nachziehen werden.<\/li>\n<\/ul>\n\n\n\n<p>Singabiz kooperiert mit einer der \u00e4ltesten, zuverl\u00e4ssigen, erfahrenen und professionellen Immobilienagenturen in Panama, um sicherzustellen, dass unsere Kunden die bestm\u00f6gliche Unterst\u00fctzung und Begleitung bei ihren Investitionen in Panama erhalten. <a href=\"mailto:info@singabiz.com\">Kontaktieren Sie uns<\/a>, wir freuen uns, Ihren Bedarf zu besprechen und Sie mit unseren lokalen Partnern zu verbinden. <\/p>\n\n\n\n<p>Eine kurze Randbemerkung: Immobilieneigentum im Wert von 300.000 USD oder h\u00f6her ebnet Ihnen den Weg f\u00fcr die unbefristete Aufenthaltserlaubnis in Panama (permanent residence), die ebenfalls \u00fcber unsere Partnerkanzlei vor Ort erledigt werden kann.<\/p>\n","protected":false},"excerpt":{"rendered":"<p>Investitionen in Immobilien als die M\u00f6glichkeit des Verm\u00f6gensschutzes kann Ihnen auch noch einen zus\u00e4tzlichen Vorteil mit sich bringen: w\u00e4hrend Ihr in Immobilien investiertes Geld der Inflation trotzt, kann es gleichzeitig auch f\u00fcr sie arbeiten, indem sie die Immobilien vermieten. In diesem Fall geht es nicht nur um den Schutz des<\/p>\n","protected":false},"author":1,"featured_media":0,"parent":133,"menu_order":172,"comment_status":"closed","ping_status":"closed","template":"","meta":{"footnotes":""},"class_list":["post-147","page","type-page","status-publish","hentry"],"_links":{"self":[{"href":"https:\/\/singabiz.com\/de\/wp-json\/wp\/v2\/pages\/147","targetHints":{"allow":["GET"]}}],"collection":[{"href":"https:\/\/singabiz.com\/de\/wp-json\/wp\/v2\/pages"}],"about":[{"href":"https:\/\/singabiz.com\/de\/wp-json\/wp\/v2\/types\/page"}],"author":[{"embeddable":true,"href":"https:\/\/singabiz.com\/de\/wp-json\/wp\/v2\/users\/1"}],"replies":[{"embeddable":true,"href":"https:\/\/singabiz.com\/de\/wp-json\/wp\/v2\/comments?post=147"}],"version-history":[{"count":2,"href":"https:\/\/singabiz.com\/de\/wp-json\/wp\/v2\/pages\/147\/revisions"}],"predecessor-version":[{"id":149,"href":"https:\/\/singabiz.com\/de\/wp-json\/wp\/v2\/pages\/147\/revisions\/149"}],"up":[{"embeddable":true,"href":"https:\/\/singabiz.com\/de\/wp-json\/wp\/v2\/pages\/133"}],"wp:attachment":[{"href":"https:\/\/singabiz.com\/de\/wp-json\/wp\/v2\/media?parent=147"}],"curies":[{"name":"wp","href":"https:\/\/api.w.org\/{rel}","templated":true}]}}