{"id":150,"date":"2024-01-25T14:39:34","date_gmt":"2024-01-25T13:39:34","guid":{"rendered":"https:\/\/singabiz.com\/de\/?page_id=150"},"modified":"2025-06-30T22:09:00","modified_gmt":"2025-06-30T20:09:00","slug":"immobilien-in-vae-dubai","status":"publish","type":"page","link":"https:\/\/singabiz.com\/de\/vermoegensschutz\/immobilien-in-vae-dubai\/","title":{"rendered":"Immobilien in VAE (Dubai)"},"content":{"rendered":"\n<p>F\u00fcr diejenigen, f\u00fcr die Lateinamerika zu weit weg ist, die aber trotzdem ihr Verm\u00f6gen au\u00dferhalb Europas anlegen m\u00f6chten, bieten sich Dubai-Immobilien als eine \u00e4u\u00dferst wertvolle und zukunftsorientierte Investitionsm\u00f6glichkeit.<\/p>\n\n\n\n<p>Unser Partner in Dubai hat einen exklusiven Zugang zu den modernsten und h\u00f6chstgefragten Gegenden und Projekten, zum Beispiel <strong>Dubai Creek<\/strong>, <strong>Aeon<\/strong> (um ein paar davon zu nennen). Die Projekte in seinem Portfolio werden von denselben Baufirmen entwickelt, die auch Burj Khalifa und weitere spektakul\u00e4re Bauten in Dubai erfolgreich realisiert haben. Die Kompetenz bei der Auswahl der richtigen Areale, hoch qualitativen Baumaterialien und die korrekte Preisbildung sind mit einem hohen Potential f\u00fcr Investoren verbunden.<\/p>\n\n\n\n<p>Die Entwicklungspl\u00e4ne f\u00fcr Dubai sehen die Verdoppelung der Bev\u00f6lkerung bis 2040 vor. Entsprechend hoch wird die Nachfrage nach Mietwohnungen sein. Die Miete in Dubai wird f\u00fcr ein Jahr im Voraus bezahlt und bietet eine sehr gute Rendite f\u00fcr Investoren. &nbsp;<\/p>\n\n\n\n<p>Sollten Sie zu den Gl\u00fccklichen geh\u00f6ren, die es geschafft haben, sich eine Wohnung vor dem offiziellen Verkaufsstart zu sichern, k\u00f6nnen Sie davon ausgehen, dass sich die Quadratmeterpreise bis zum Projektabschluss wom\u00f6glich mehr als verdoppeln werden. Referenzobjekte und \u00e4hnliche Beispiele aus der Vergangenheit kann unser Partner vor Ort vorf\u00fchren. <\/p>\n\n\n\n<p>Insgesamt bietet Dubai eine sehr hohe Qualit\u00e4t, hohe Nachfrage, hohe Sicherheit und hohe Wertentwicklung der Projekte f\u00fcr Immobilieninvestoren an. Eine Immobilie in Dubai zu besitzen k\u00f6nnte bald zum guten Ton unter Immobilieninvestoren und denjenigen werden, die nach Verm\u00f6gensschutz au\u00dferhalb Europas Ausschau halten.<\/p>\n\n\n\n<p><strong>Smart Contracts f\u00fcr Immobilien in VAE<\/strong><\/p>\n\n\n\n<p>Mit Smart Contracts in unserem allt\u00e4glichen Leben wird das Investieren in Immobilien zum Kinderspiel. <\/p>\n\n\n\n<p>Dank den Smart Contracts k\u00f6nnen Sie nun NFTs mit einem Bruchteil in Wert von nur 500 AED (ca. 125 Euro) beziehen und damit Ihren Eigentumsanteil an Immobilien in VAE sichern. Gleichzeitig profitieren Sie von denselben Vorteilen, als wenn Sie ein komplettes Studio oder eine komplette Wohnung besitzen w\u00fcrden: <\/p>\n\n\n\n<ul class=\"wp-block-list\">\n<li>9% Jahresrendite (monatlich ausbezahlt) bei vermieteten Immobilien oder <\/li>\n\n\n\n<li>30%-50% Rendite bei Off-Plan Projekten am Ende der Herstellung (\u00fcblicherweise 2-3 Jahre).<\/li>\n<\/ul>\n\n\n\n<p>Mit NFTs profitieren Sie (je nach Land Ihrer steuerlichen Ans\u00e4ssigkeit) von steuerlichen Vorteilen: In Deutschland werden NFTs den Verm\u00f6genswerten gleichgestellt und die Gewinne nach einem Jahr Haltedauer steuerfrei; in der Schweiz wird auf NFTs keine Einkommenssteuer berechnet, jedoch kann eine Verm\u00f6genssteuer anfallen. <\/p>\n\n\n\n<p>In den folgenden Blogartikeln von Singabiz (auf Englisch) k\u00f6nnen Sie mehr \u00fcber Investitionsm\u00f6glichkeiten in Immobilien der Emirate erhfaren:<\/p>\n\n\n\n<p><a href=\"https:\/\/singabiz.com\/blog\/smart-contracts-real-estate-dubai\/\">Smart Contracts for Property in UAE<\/a><\/p>\n\n\n\n<p><a href=\"https:\/\/singabiz.com\/blog\/asset-protection-uae\/\">Asset Protection in UAE<\/a><\/p>\n\n\n\n<p><a href=\"https:\/\/singabiz.com\/blog\/best-of-panama-philippines-uae\/\">Best of &#8230; Panama, Philippines, UAE<\/a><\/p>\n\n\n\n<p>M\u00f6chten Sie mehr \u00fcber Dubai-Immobilien, die Konditionen, Zeitrahmen wissen, <a href=\"mailto:info@singabiz.com\">schreiben Sie uns<\/a> eine kurze Anfrage. Wir freuen uns, Sie mit unserem Partner vor Ort zu verbinden, von dem Sie aus erster Hand Informationen zu laufenden Bauprojekten bekommen k\u00f6nnen, die Creme de la Creme der Dubai-Projekte darstellen.<\/p>\n","protected":false},"excerpt":{"rendered":"<p>F\u00fcr diejenigen, f\u00fcr die Lateinamerika zu weit weg ist, die aber trotzdem ihr Verm\u00f6gen au\u00dferhalb Europas anlegen m\u00f6chten, bieten sich Dubai-Immobilien als eine \u00e4u\u00dferst wertvolle und zukunftsorientierte Investitionsm\u00f6glichkeit. Unser Partner in Dubai hat einen exklusiven Zugang zu den modernsten und h\u00f6chstgefragten Gegenden und Projekten, zum Beispiel Dubai Creek, Aeon (um<\/p>\n","protected":false},"author":1,"featured_media":0,"parent":133,"menu_order":173,"comment_status":"closed","ping_status":"closed","template":"","meta":{"footnotes":""},"class_list":["post-150","page","type-page","status-publish","hentry"],"_links":{"self":[{"href":"https:\/\/singabiz.com\/de\/wp-json\/wp\/v2\/pages\/150","targetHints":{"allow":["GET"]}}],"collection":[{"href":"https:\/\/singabiz.com\/de\/wp-json\/wp\/v2\/pages"}],"about":[{"href":"https:\/\/singabiz.com\/de\/wp-json\/wp\/v2\/types\/page"}],"author":[{"embeddable":true,"href":"https:\/\/singabiz.com\/de\/wp-json\/wp\/v2\/users\/1"}],"replies":[{"embeddable":true,"href":"https:\/\/singabiz.com\/de\/wp-json\/wp\/v2\/comments?post=150"}],"version-history":[{"count":3,"href":"https:\/\/singabiz.com\/de\/wp-json\/wp\/v2\/pages\/150\/revisions"}],"predecessor-version":[{"id":200,"href":"https:\/\/singabiz.com\/de\/wp-json\/wp\/v2\/pages\/150\/revisions\/200"}],"up":[{"embeddable":true,"href":"https:\/\/singabiz.com\/de\/wp-json\/wp\/v2\/pages\/133"}],"wp:attachment":[{"href":"https:\/\/singabiz.com\/de\/wp-json\/wp\/v2\/media?parent=150"}],"curies":[{"name":"wp","href":"https:\/\/api.w.org\/{rel}","templated":true}]}}