{"id":25,"date":"2022-09-15T21:31:06","date_gmt":"2022-09-15T19:31:06","guid":{"rendered":"https:\/\/singabiz.com\/de\/?page_id=25"},"modified":"2025-10-16T16:20:37","modified_gmt":"2025-10-16T14:20:37","slug":"ueber-uns","status":"publish","type":"page","link":"https:\/\/singabiz.com\/de\/ueber-uns\/","title":{"rendered":"\u00dcber uns"},"content":{"rendered":"\n<p><strong>Globale Unternehmensgr\u00fcndung. Transparent. Skalierbar. Durchg\u00e4ngig.<\/strong><\/p>\n\n\n\n<p>Singabiz\u00ae bietet Unternehmern, Investoren und Weltb\u00fcrgern die Ressourcen, die sie ben\u00f6tigen, um sie bei der Gr\u00fcndung oder Expansion neuer Unternehmen mit <strong>voller Klarheit und Zuversicht<\/strong> zu begleiten.<\/p>\n\n\n\n<p>Wir verf\u00fcgen \u00fcber <strong>langj\u00e4hrige praktische Erfahrung in Asien, Europa und Amerika<\/strong> und kombinieren internationale Rechtsexpertise mit lokaler Umsetzung durch unsere vertrauensw\u00fcrdigen <strong>Singabiz\u00ae Network<\/strong> Partner in relevanten Bereichen.<\/p>\n\n\n\n<hr class=\"wp-block-separator has-alpha-channel-opacity\"\/>\n\n\n\n<p><strong>Ihre All-in-One Zentrale f\u00fcr die Gr\u00fcndung internationaler Unternehmen<\/strong><\/p>\n\n\n\n<p>Wir sind preisgekr\u00f6nte Spezialisten f\u00fcr <strong>Unternehmensgr\u00fcndungen, Compliance-Management<\/strong> und <strong>t\u00e4gliche Verwaltungsunterst\u00fctzung<\/strong> in wichtigen L\u00e4ndern, unter anderem in der <strong>Schweiz, Deutschland, Singapur, den USA und den Vereinigten Arabischen Emiraten<\/strong>.<\/p>\n\n\n\n<p>Unsere Kunden erhalten Zugang zu <strong>modularen, transparenten und vollst\u00e4ndig verwalteten L\u00f6sungen<\/strong>, die ihren Gesch\u00e4ftszielen und regulatorischen Anforderungen gerecht werden.<\/p>\n\n\n\n<p>Unser Leistungsumfang umfasst unter anderem (kann je nach Land variieren):<\/p>\n\n\n\n<p>\u2022 Unterst\u00fctzung bei der Personalbeschaffung und bei Arbeitsvertr\u00e4gen<\/p>\n\n\n\n<p>\u2022 Registrierungen bei allen relevanten Beh\u00f6rden<\/p>\n\n\n\n<p>\u2022 Koordination mit Notaren und Unternehmensdokumentation<\/p>\n\n\n\n<p>\u2022 Lohn- und Rechnungswesen, Bankkontoer\u00f6ffnung und -f\u00fchrung<\/p>\n\n\n\n<p>\u2022 Lokale Repr\u00e4sentanten, nominelle Gesch\u00e4ftsf\u00fchrer, Interim- oder permanente Gesch\u00e4ftsf\u00fchrer<\/p>\n\n\n\n<p>\u2022 Buchhaltung, Buchf\u00fchrung und Steuererkl\u00e4rungen<\/p>\n\n\n\n<p>\u2022 Weitere l\u00e4nderspezifische Verpflichtungen f\u00fcr Compliance- und Berichtszwecke<\/p>\n\n\n\n<p>Alle Dienstleistungen verf\u00fcgen \u00fcber <strong>klare Milestones, im Voraus festgelegte Preise<\/strong> und jede Etappe ist <strong>transparent und nachvollziehbar<\/strong> f\u00fcr unsere Kunden.<\/p>\n\n\n\n<hr class=\"wp-block-separator has-alpha-channel-opacity\"\/>\n\n\n\n<p><strong>Expertise f\u00fcr grenz\u00fcberschreitende Holdingstrukturen<\/strong><\/p>\n\n\n\n<p>F\u00fcr Unternehmer, Investoren und Family Offices, die in mehreren L\u00e4ndern aktiv sind, entwickelt Singabiz\u00ae effiziente Holding- und grenz\u00fcberschreitende Strukturen, die Steuereffizienz, Verm\u00f6gensschutz und Governance optimieren.<\/p>\n\n\n\n<p>Unser integriertes System erm\u00f6glicht es Kunden, <strong>ihre globalen Unternehmen \u00fcber eine zentrale Anlaufstelle \u2013 Singabiz\u00ae<\/strong> \u2013 zu organisieren. Dies reduziert gleichzeitig den Verwaltungsaufwand und gew\u00e4hrleistet die Einhaltung der Vorschriften in allen ausgew\u00e4hlten L\u00e4ndern.<\/p>\n\n\n\n<hr class=\"wp-block-separator has-alpha-channel-opacity\"\/>\n\n\n\n<p><strong>Wohnsitz, Staatsb\u00fcrgerschaft, Verm\u00f6gensschutz<\/strong><\/p>\n\n\n\n<p>Neben Firmengr\u00fcndungen bieten wir bei Singabiz\u00ae unseren Kunden auch <strong>L\u00f6sungen f\u00fcr Wohnsitz und Staatsb\u00fcrgerschaft<\/strong>.<\/p>\n\n\n\n<p>Wir unterst\u00fctzen unsere Kunden dabei, ihren <strong>pers\u00f6nlichen Wohnsitzstatus<\/strong> mit <strong>Unternehmens- und Verm\u00f6gensschutzstrukturen<\/strong> in Einklang zu bringen und so globale Mobilit\u00e4t und Steuereffizienz zu erreichen.<\/p>\n\n\n\n<p>Weitere Alternativen zum Verm\u00f6gensaufbau und Verm\u00f6gensschutz sind:<\/p>\n\n\n\n<p>\u2022 Private Stiftungen und Trusts<\/p>\n\n\n\n<p>\u2022 Smart Contracts\/<strong>NFTs f\u00fcr Immobilien in den VAE<\/strong><\/p>\n\n\n\n<p>\u2022 <strong>Edelmetalle<\/strong> und deren Offshore-Lagerung<\/p>\n\n\n\n<p>\u2022 Investitionen in <strong>Immobilien in den VAE und Panama<\/strong><\/p>\n\n\n\n<p>\u2022 Privat- und Firmenkonten in Singapur und anderen Finanzzentren<\/p>\n\n\n\n<p>Jede L\u00f6sung ist gesetzeskonform, sicher und in Ihre Gesamtstruktur integriert.<\/p>\n\n\n\n<hr class=\"wp-block-separator has-alpha-channel-opacity\"\/>\n\n\n\n<p><strong>Premium-Lifestyle &amp; Reiseoptimierung<\/strong><\/p>\n\n\n\n<p>Weil das Gesch\u00e4ft nicht an der Grenze endet \u2013 wir optimieren auch Ihre <strong>Reise- und Lifestyle-Strategie<\/strong>.<\/p>\n\n\n\n<p>Singabiz\u00ae-Kunden profitieren von einfacherem Zugang zu Upgrades in die <strong>Business- und First Class<\/strong> auf Fl\u00fcgen sowie von <strong>exklusiven Premium-Vorteilen<\/strong> bei Aufenthalten in Hotels, die auf ihren Wohnsitz und ihre Reisegewohnheiten abgestimmt sind.<\/p>\n\n\n\n<p>Wir unterst\u00fctzen Sie bei der Erstellung individueller Reisekonzepte, um <strong>Wert, Komfort und Pr\u00e4mieneffizienz<\/strong> zu maximieren.<\/p>\n\n\n\n<hr class=\"wp-block-separator has-alpha-channel-opacity\"\/>\n\n\n\n<p><strong>Warum Singabiz\u00ae?<\/strong><\/p>\n\n\n\n<p>\u2714 <strong>Transparente Prozesse<\/strong> \u2013 Keine versteckten Geb\u00fchren oder \u00dcberraschungen, volle Transparenz w\u00e4hrend des gesamten Prozesses.<\/p>\n\n\n\n<p>\u2714 <strong>End-to-End-Integration<\/strong> \u2013 Unternehmens-, Wohnsitz- und Verm\u00f6gensstrukturen, die perfekt aufeinander abgestimmt sind.<\/p>\n\n\n\n<p>\u2714 <strong>Globales Netzwerk<\/strong> \u2013 Pr\u00e4senz in Asien, Europa und Amerika, entweder direkt oder \u00fcber unsere vertrauensw\u00fcrdigen Partner im <strong>Singabiz\u00ae Network<\/strong>.<\/p>\n\n\n\n<p>\u2714 <strong>Ma\u00dfgeschneiderte L\u00f6sungen<\/strong> \u2013 modular, skalierbar und flexibel, um Ihre Ziele zu erreichen.<\/p>\n\n\n\n<p>\u2714 <strong>Vertrauensw\u00fcrdiges Netzwerk<\/strong> \u2013 erfahrene Experten und lizenzierte Partner in den wichtigsten L\u00e4ndern.<\/p>\n\n\n\n<hr class=\"wp-block-separator has-alpha-channel-opacity\"\/>\n\n\n\n<p><strong>Ihr globaler Wachstumspartner<\/strong><\/p>\n\n\n\n<p>Singabiz\u00ae versteht sich als Vorreiter der globalen Business-Service-Branche, f\u00fcr die <strong>Transparenz und schnelle Umsetzung<\/strong> zum Standard werden.<\/p>\n\n\n\n<p>Ob <strong>digitaler Nomade, Gr\u00fcnder, Investor oder Family Office<\/strong> \u2013 unsere Experten bieten Ihnen <strong>klare, konforme und zukunftssichere L\u00f6sungen<\/strong> \u2013 alles aus einer Hand.<\/p>\n\n\n\n<p>Singabiz\u00ae \u2013 Ihre Br\u00fccke zur globalen Freiheit.<\/p>\n\n\n\n<p><\/p>\n","protected":false},"excerpt":{"rendered":"<p>Globale Unternehmensgr\u00fcndung. Transparent. Skalierbar. Durchg\u00e4ngig. Singabiz\u00ae bietet Unternehmern, Investoren und Weltb\u00fcrgern die Ressourcen, die sie ben\u00f6tigen, um sie bei der Gr\u00fcndung oder Expansion neuer Unternehmen mit voller Klarheit und Zuversicht zu begleiten. Wir verf\u00fcgen \u00fcber langj\u00e4hrige praktische Erfahrung in Asien, Europa und Amerika und kombinieren internationale Rechtsexpertise mit lokaler Umsetzung<\/p>\n","protected":false},"author":1,"featured_media":0,"parent":0,"menu_order":10,"comment_status":"closed","ping_status":"closed","template":"","meta":{"footnotes":""},"class_list":["post-25","page","type-page","status-publish","hentry"],"_links":{"self":[{"href":"https:\/\/singabiz.com\/de\/wp-json\/wp\/v2\/pages\/25","targetHints":{"allow":["GET"]}}],"collection":[{"href":"https:\/\/singabiz.com\/de\/wp-json\/wp\/v2\/pages"}],"about":[{"href":"https:\/\/singabiz.com\/de\/wp-json\/wp\/v2\/types\/page"}],"author":[{"embeddable":true,"href":"https:\/\/singabiz.com\/de\/wp-json\/wp\/v2\/users\/1"}],"replies":[{"embeddable":true,"href":"https:\/\/singabiz.com\/de\/wp-json\/wp\/v2\/comments?post=25"}],"version-history":[{"count":5,"href":"https:\/\/singabiz.com\/de\/wp-json\/wp\/v2\/pages\/25\/revisions"}],"predecessor-version":[{"id":244,"href":"https:\/\/singabiz.com\/de\/wp-json\/wp\/v2\/pages\/25\/revisions\/244"}],"wp:attachment":[{"href":"https:\/\/singabiz.com\/de\/wp-json\/wp\/v2\/media?parent=25"}],"curies":[{"name":"wp","href":"https:\/\/api.w.org\/{rel}","templated":true}]}}