{"id":27,"date":"2022-09-15T21:33:17","date_gmt":"2022-09-15T19:33:17","guid":{"rendered":"https:\/\/singabiz.com\/de\/?page_id=27"},"modified":"2025-10-05T16:43:12","modified_gmt":"2025-10-05T14:43:12","slug":"geschichte-von-singabiz","status":"publish","type":"page","link":"https:\/\/singabiz.com\/de\/ueber-uns\/geschichte-von-singabiz\/","title":{"rendered":"Geschichte von Singabiz"},"content":{"rendered":"\n<p><strong>2024<\/strong><\/p>\n\n\n\n<p>Im Jahr 2024 hat Singabiz an neuen Angeboten im Bereich Verm\u00f6gensschutz f\u00fcr unsere Kunden gearbeitet. Als Ergebnis kam das Angebot f\u00fcr eine weitere L\u00f6sung f\u00fcr Wertmetalle, dieses Mal mit deutlich internationalerem Bezug, deutlich flexibleren Optionen und noch g\u00fcnstigeren Kosten. Ferner haben wir nun die M\u00f6glichkeit, auch Immobilien in Panama und UAE sowohl zum Verm\u00f6gensschutz als auch zwecks Verm\u00f6gensvermehrung \u00fcber unsere Partner anzubieten. Beide Partner sind unter den besten in den jeweiligen L\u00e4ndern (so geh\u00f6rt unser Partner in UAE offiziell zu den <strong>TOP-5 Immobilienagenturen auf dem Markt<\/strong>, und zwar unter 30.000+, die aktuell in UAE t\u00e4tig sind, und wurde entsprechend ausgezeichnet). Er bietet einen umfangreichen Service an, der weit \u00fcber einen einfachen Immobilienkauf bzw. -verkauf hinausgeht: steuerliche Optimierungsoptionen, insbesondere f\u00fcr Deutschland, \u00d6sterreich und die Schweiz in der deutschen Sprache mit versierten Steuerberatern und Anw\u00e4lten, Nachlassvorbereitung, Golden Visa Support und vieles andere mehr.<\/p>\n\n\n\n<p>F\u00fcr ihren herausragenden Service und starke Kundenorientierung wurde Singabiz von <a href=\"https:\/\/wealthandfinance.digital\/winners\/singabiz-ltd\/\" target=\"_blank\" rel=\"noreferrer noopener\">Wealth &amp; Finance International<\/a> als &#8222;Best Business Consulting &amp; Incorporation Company 2024&#8220; in Deutschland ausgezeichnet.<\/p>\n\n\n\n<p><strong>2023<br><\/strong>Singabiz schaut auf eine sehr erfolgreiche Entwicklung im Laufe des Jahres zur\u00fcck.<br>Zum Jahresende haben wir eine Partnerschaft mit einem der gr\u00f6\u00dften Anbieter der Wertmetalle in Deutschland geschlossen. Unsere Kunden, die Ihr Kapital diversifizieren und ggf. vor Inflation sch\u00fctzen m\u00f6chten, haben nun die M\u00f6glichkeit, Wertmetalle (Gold, Silber, Platinum\u2026) zu Sonderkonditionen zu bestellen und in einem zollfreien Lager in der Schweiz aufbewahren zu lassen. Auf Abruf kann das eigene Metall europaweit ausgeliefert werden. Auch Sparpl\u00e4ne mit monatlichen Zahlungen ab nur 26 Euro sind m\u00f6glich. Bei Interesse kontaktieren Sie uns per E-Mail oder auch telefonisch. Wir beraten Sie gerne. Ansonsten k\u00f6nnen Sie auch gleich <a href=\"https:\/\/antrag.solit-kapital.de\/ApplicationForm?uv=003Oj000002kVfdIAE&amp;ov=003Oj000002kVfdIAE&amp;h=7fc9422c73774cd94f981cb90854909f&amp;t=r\">hier<\/a> den Kauf abschlie\u00dfen bzw. den Sparplan einrichten. Das Angebot richtet sich nicht nur an Firmen, sondern auch an Privatpersonen.<\/p>\n\n\n\n<p><strong>2022<br><\/strong>Im Jahr 2022 hat Singabiz das Angebot sehr stark erweitert. Dies macht sich auch mit unserer neuen Webseite bemerkbar, auf der nun neue Bereiche zu finden sind. Au\u00dfer dem Bereich \u201eInternationales Business\u201c, in dem wir unseren Firmenkunden bei deren internationalen Ausrichtung helfen, haben wir folgende Bereiche als v\u00f6llig separate Beratungsfelder ausgegliedert, um noch mehr Wert darauf legen zu k\u00f6nnen: \u201eInternationales Leben\u201c, \u201eInternationale Reisen\u201c, \u201eInternationale Bildung\u201c.<\/p>\n\n\n\n<p>Im August 2022 war Singabiz erneut erfolgreich auf der NomaDays-Konferenz vertreten.<\/p>\n\n\n\n<p>Ferner haben wir im Jahr 2022 das Portfolio von Singabiz\u00ae Network um Niederlande erweitert: nun haben wir auch einen zuverl\u00e4ssigen und sehr erfahrenen Partner in den Niederlanden. Auf der asiatischen Seite ist Thailand hinzugekommen. Hier besteht nun auch eine Netzwerk-Kooperation mit einem lokalen Anbieter, insbesondere im Bereich der Golden Visa, aber auch Firmengr\u00fcndungen.<\/p>\n\n\n\n<p><strong>2021<\/strong><\/p>\n\n\n\n<p>Das Jahr 2021 war immer noch unter dem Zeichen von Covid-19 und den damit verbundenen Einschr\u00e4nkungen verlaufen. Viele L\u00e4nder, darunter auch unsere Ziell\u00e4nder in S\u00fcdostasien waren nahezu vollst\u00e4ndig von dem Rest der Welt abgeschottet. Dieser Tatsache geschuldet ist die Erweiterung unseres L\u00e4nderportfolios um solche wirtschaftlich interessanten L\u00e4nder wie UAE, USA, Panama und Paraguay.<\/p>\n\n\n\n<p>Im August 2021 hat Singabiz erfolgreich an den NomaDays teilgenommen \u2013 der Conference f\u00fcr Digitalnomaden und international orientierte Entrepreneurs.<\/p>\n\n\n\n<p>Ende 2021 ist Singabiz in neue R\u00e4umlichkeiten in Ratingen umgezogen. Somit sind wir noch einfacher per Autobahn und mit \u00f6ffentlichen Verkehrsmitteln zu erreichen und sind auch n\u00e4her zum Flughafen D\u00fcsseldorf.<\/p>\n\n\n\n<p><strong>2020<br><\/strong>Seit Anfang 2020 betreibt Singabiz das Singabiz Network, ein Netzwerk von Unternehmensberatern, Rechtsanw\u00e4lten, Steuerberatern, B\u00fcroraumanbietern, Notaren und Vertretern sonstiger Berufe, die ihre Dienste international expandierenden Firmen sowie Gr\u00fcndern, Startups, kleinen und mittleren Unternehmen, Selbst\u00e4ndigen und Freiberuflern hilfreich anbieten k\u00f6nnen.<\/p>\n\n\n\n<p>Die Covid-19 Pandemie im Jahr 2020 hat Firmen rund um die Welt in eine starke Krise gest\u00fcrzt. Auch in diesen schwierigen Zeiten unterst\u00fctzen Singabiz und Singabiz Network kleine und mittlere Unternehmen, Gr\u00fcnder, Startups, Selbst\u00e4ndige und Freiberufler durch gef\u00f6rderte Beratungen.<\/p>\n\n\n\n<p><strong>2019<br><\/strong>Im April 2019 haben wir eine Veranstaltung zum Thema \u201eASEAN \u2013 Chancen f\u00fcr Startups\u201c im Rahmen der Startup Woche D\u00fcsseldorf durchgef\u00fchrt. Die Veranstaltung wurde gemeinsam mit <a href=\"https:\/\/www.mida.gov.my\/home\/\">MIDA \u2013 Malaysian Investment Development Authority<\/a>, <a href=\"https:\/\/www.germanaccelerator.com\/\">GASEA (German Accelerator South-East Asia)<\/a> und <a href=\"https:\/\/suw-steuerberatung.de\/\">SuW Steuerberatung<\/a> organisiert und war vollst\u00e4ndig ausgebucht. Impressionen von der Veranstaltung k\u00f6nnen auf <a href=\"https:\/\/de-de.facebook.com\/Singabiz\/\">unserer Facebook-Seite<\/a> gefunden werden.<\/p>\n\n\n\n<p><strong>2018<br><\/strong>Seit Juli 2018 sind wir zertifizierte Unternehmensberater. F\u00fcr unsere Kunden bedeutet das ein signifikantes Plus an Service: nicht nur unsere Gr\u00fcndungsberatung kann nun bezuschusst werden. Auch f\u00fcr Leistungen auf anderen Gebieten der Unternehmensberatung k\u00f6nnen unsere Kunden F\u00f6rdergelder und Zusch\u00fcsse beantragen und somit unsere Rechnungen in der H\u00f6he zwischen 50% und 90% erstattet bekommen. Sicherlich helfen wir unseren Kunden bei der entsprechenden Antragsstellung.<\/p>\n\n\n\n<p><strong>2017<br><\/strong>Zwecks weiterer Diversifizierung, insbesondere f\u00fcr produzierendes Gewerbe, haben wir entsprechende Schritte unternommen und im Jahr 2017 Malaysia in unser Angebot aufgenommen.<\/p>\n\n\n\n<p>Ebenfalls seit 2017 unterst\u00fctzt Singabiz Gr\u00fcnder in Deutschland. Egal, ob Sie als Hochschulabsolvent, aus der Arbeitslosigkeit, im Nebenberuf oder als digitaler Nomade gr\u00fcnden, wir helfen Ihnen bei Ihrem Vorhaben. Unter anderem begleiten wir Sie bei der Erstellung des Business Plans, machen den F\u00f6rdermittelcheck und helfen bei der Beantragung der f\u00fcr Sie in Frage kommenden F\u00f6rdergelder.<\/p>\n\n\n\n<p><strong>2015-2016<br><\/strong>Singabiz Ltd. wurde im Herbst 2015 mit dem Ziel gegr\u00fcndet, das Bewusstsein der klein- und mittelst\u00e4ndischen Unternehmen in Bezug auf die M\u00f6glichkeiten im Ausland zu st\u00e4rken und ihnen dabei zu helfen, sich im Ausland zu etablieren.<\/p>\n\n\n\n<p>Am Anfang war vordergr\u00fcndig Singapur als Sprungbrett nach ASEAN das Ziel unseres Angebots, das lediglich Firmengr\u00fcndungen im Stadtstaat anbot.<\/p>\n\n\n\n<p>Mit der Zeit kamen Anfragen von unseren Kunden und Interessenten in Bezug auf Hongkong und Europa, so dass wir im Jahr 2016 auch Hongkong, Deutschland und Gro\u00dfbritannien in unser Portfolio aufgenommen haben.<\/p>\n\n\n\n<p>Dabei hat sich unser Portfolio nicht nur in Bezug auf die Ziell\u00e4nder erweitert, sondern auch in Bezug auf unsere Leistungen. Neben klassischen Firmengr\u00fcndungen und den damit verbundenen Verwaltungsaufgaben hat Singabiz nun auch Businessplanung, kundenspezifische Marktanalysen, Auswahl an geeigneten Finanzhilfen und weiteren Unterst\u00fctzungshilfen f\u00fcr Jungunternehmen und Start-ups in unseren Ziell\u00e4ndern, Kontaktherstellung zu passenden lokalen Vertriebspartnern sowie bevollm\u00e4chtigte Vertretung der ausl\u00e4ndischen Firmen vor Ort (insbesondere in Deutschland) im Angebot. Wir arbeiten auch weiterhin daran, unsere Dienste, Serviceleistungen und die Liste der Ziell\u00e4nder f\u00fcr unsere Kunden st\u00e4ndig zu erweitern. Dabei spielen die R\u00fcckmeldungen unserer Kunden und die R\u00fcckfragen von Interessenten eine wichtige Rolle, damit unser Wachstumsprozess mit den Pl\u00e4nen und Zielen unserer Kunden \u00fcbereinstimmt und auf diese abgestimmt bleibt. Sollten Sie eine gew\u00fcnschte Dienstleistung oder ein bestimmtes Zielland vermissen, so z\u00f6gern Sie bitte nicht, uns dar\u00fcber zu informieren.<\/p>\n","protected":false},"excerpt":{"rendered":"<p>2024 Im Jahr 2024 hat Singabiz an neuen Angeboten im Bereich Verm\u00f6gensschutz f\u00fcr unsere Kunden gearbeitet. Als Ergebnis kam das Angebot f\u00fcr eine weitere L\u00f6sung f\u00fcr Wertmetalle, dieses Mal mit deutlich internationalerem Bezug, deutlich flexibleren Optionen und noch g\u00fcnstigeren Kosten. Ferner haben wir nun die M\u00f6glichkeit, auch Immobilien in Panama<\/p>\n","protected":false},"author":1,"featured_media":0,"parent":25,"menu_order":20,"comment_status":"closed","ping_status":"closed","template":"","meta":{"footnotes":""},"class_list":["post-27","page","type-page","status-publish","hentry"],"_links":{"self":[{"href":"https:\/\/singabiz.com\/de\/wp-json\/wp\/v2\/pages\/27","targetHints":{"allow":["GET"]}}],"collection":[{"href":"https:\/\/singabiz.com\/de\/wp-json\/wp\/v2\/pages"}],"about":[{"href":"https:\/\/singabiz.com\/de\/wp-json\/wp\/v2\/types\/page"}],"author":[{"embeddable":true,"href":"https:\/\/singabiz.com\/de\/wp-json\/wp\/v2\/users\/1"}],"replies":[{"embeddable":true,"href":"https:\/\/singabiz.com\/de\/wp-json\/wp\/v2\/comments?post=27"}],"version-history":[{"count":5,"href":"https:\/\/singabiz.com\/de\/wp-json\/wp\/v2\/pages\/27\/revisions"}],"predecessor-version":[{"id":239,"href":"https:\/\/singabiz.com\/de\/wp-json\/wp\/v2\/pages\/27\/revisions\/239"}],"up":[{"embeddable":true,"href":"https:\/\/singabiz.com\/de\/wp-json\/wp\/v2\/pages\/25"}],"wp:attachment":[{"href":"https:\/\/singabiz.com\/de\/wp-json\/wp\/v2\/media?parent=27"}],"curies":[{"name":"wp","href":"https:\/\/api.w.org\/{rel}","templated":true}]}}