{"id":29,"date":"2022-09-15T21:34:31","date_gmt":"2022-09-15T19:34:31","guid":{"rendered":"https:\/\/singabiz.com\/de\/?page_id=29"},"modified":"2025-07-15T16:26:31","modified_gmt":"2025-07-15T14:26:31","slug":"vorteile-von-singabiz","status":"publish","type":"page","link":"https:\/\/singabiz.com\/de\/ueber-uns\/vorteile-von-singabiz\/","title":{"rendered":"Vorteile von Singabiz"},"content":{"rendered":"\n<p>Singabiz besitzt <strong>eine langj\u00e4hrige intensive Erfahrung<\/strong> in vielen L\u00e4ndern Asiens, Europas und Amerikas<\/p>\n\n\n\n<p>Durch unsere breite Vernetzung innerhalb <strong>von Singabiz\u00ae Network<\/strong> bieten wir aus einer Hand sowohl Firmengr\u00fcndungen und laufende Betreuung als auch das <strong>komplette Serviceportfolio<\/strong> an Leistungen, die eine neugegr\u00fcndete Firma ben\u00f6tigen kann (variiert je nach Land):<\/p>\n\n\n\n<ul class=\"wp-block-list\">\n<li>Personalsuche und Hilfe bei Arbeitsvertr\u00e4gen<\/li>\n<\/ul>\n\n\n\n<ul class=\"wp-block-list\">\n<li>Registrierungen bei zust\u00e4ndigen \u00c4mtern<\/li>\n<\/ul>\n\n\n\n<ul class=\"wp-block-list\">\n<li>Notariatstermine<\/li>\n<\/ul>\n\n\n\n<ul class=\"wp-block-list\">\n<li>Auszahlung von Geh\u00e4ltern und Rechnungsforderungen, Bankkontobetreuung<\/li>\n<\/ul>\n\n\n\n<ul class=\"wp-block-list\">\n<li>\u00dcbernahme der Gesch\u00e4ftsf\u00fchrung (tempor\u00e4r oder permanent)<\/li>\n<\/ul>\n\n\n\n<ul class=\"wp-block-list\">\n<li>Buchhaltung und Steuererkl\u00e4rungen<\/li>\n<\/ul>\n\n\n\n<ul class=\"wp-block-list\">\n<li>Sonstige Leistungen, die in den jeweiligen L\u00e4ndern gesetzlich vorgeschrieben sind<\/li>\n<\/ul>\n\n\n\n<p>Da wir in verschiedenen L\u00e4ndern aktiv sind, k\u00f6nnen wir aus einer Hand <strong>Holdingstrukturen und andere Konstrukte<\/strong> anbieten, die sich \u00fcber mehrere L\u00e4nder verteilen<\/p>\n\n\n\n<p><strong>Wohnsitze und Staatsangeh\u00f6rigkeiten<\/strong> auf privater Ebene erg\u00e4nzen das Firmenangebot<\/p>\n\n\n\n<p><strong>Verm\u00f6gensschutz und -aufbau<\/strong> kann gleichzeitig mit den Firmen und pers\u00f6nlichen Wohnsitzen erfolgen. Hierzu bieten wir folgende M\u00f6glichkeiten an:<\/p>\n\n\n\n<ul class=\"wp-block-list\">\n<li>Stiftungen<\/li>\n<\/ul>\n\n\n\n<ul class=\"wp-block-list\">\n<li>Einlagen in Smart Contracts (NFTs mit Immobilien in UAE)<\/li>\n<\/ul>\n\n\n\n<ul class=\"wp-block-list\">\n<li>Wertmetalldepots<\/li>\n<\/ul>\n\n\n\n<ul class=\"wp-block-list\">\n<li>Immobilien in VAE<\/li>\n<\/ul>\n\n\n\n<ul class=\"wp-block-list\">\n<li>Immobilien in Panama<\/li>\n<\/ul>\n\n\n\n<ul class=\"wp-block-list\">\n<li>Konten in Singapur<\/li>\n<\/ul>\n\n\n\n<p><strong>Optimierte Reiseerfahrung<\/strong> bringt Sie dann in der <strong>Business oder First Class<\/strong> ans Ziel, damit Sie anschlie\u00dfend in <strong>besten Hotelsuiten<\/strong> den Aufenthalt genie\u00dfen. Wir informieren Sie \u00fcber sonstige Vorteile, die Sie auf Ihren Reisen beim richtigen Setup erzielen k\u00f6nnen, und helfen Ihnen mit dem entsprechenden Setup.<\/p>\n\n\n\n<p>All das bekommen Sie aus einer Hand, von unseren <strong>handverlesenen Singabiz\u00ae Network Partnern<\/strong>, und m\u00fcssen nicht selbst m\u00fchselig etwas f\u00fcr jedes einzelne Aspekt recherchieren. Neue Bed\u00fcrfnisse lassen sich nach dem Baukastenprinzip einfach in die bestehenden L\u00f6sungen integrieren. Wie bieten flexible und skalierbare L\u00f6sungen f\u00fcr Startups, Digitalnomaden, wohlhabende Unternehmen und Privatpersonen. Unsere Services sind breit angelegt, allerdings <strong>gut ineinander integriert und verzahnt<\/strong>, um die bestm\u00f6gliche Kundenerfahrung zu liefern.<\/p>\n","protected":false},"excerpt":{"rendered":"<p>Singabiz besitzt eine langj\u00e4hrige intensive Erfahrung in vielen L\u00e4ndern Asiens, Europas und Amerikas Durch unsere breite Vernetzung innerhalb von Singabiz\u00ae Network bieten wir aus einer Hand sowohl Firmengr\u00fcndungen und laufende Betreuung als auch das komplette Serviceportfolio an Leistungen, die eine neugegr\u00fcndete Firma ben\u00f6tigen kann (variiert je nach Land): Da wir<\/p>\n","protected":false},"author":1,"featured_media":0,"parent":25,"menu_order":30,"comment_status":"closed","ping_status":"closed","template":"","meta":{"footnotes":""},"class_list":["post-29","page","type-page","status-publish","hentry"],"_links":{"self":[{"href":"https:\/\/singabiz.com\/de\/wp-json\/wp\/v2\/pages\/29","targetHints":{"allow":["GET"]}}],"collection":[{"href":"https:\/\/singabiz.com\/de\/wp-json\/wp\/v2\/pages"}],"about":[{"href":"https:\/\/singabiz.com\/de\/wp-json\/wp\/v2\/types\/page"}],"author":[{"embeddable":true,"href":"https:\/\/singabiz.com\/de\/wp-json\/wp\/v2\/users\/1"}],"replies":[{"embeddable":true,"href":"https:\/\/singabiz.com\/de\/wp-json\/wp\/v2\/comments?post=29"}],"version-history":[{"count":4,"href":"https:\/\/singabiz.com\/de\/wp-json\/wp\/v2\/pages\/29\/revisions"}],"predecessor-version":[{"id":219,"href":"https:\/\/singabiz.com\/de\/wp-json\/wp\/v2\/pages\/29\/revisions\/219"}],"up":[{"embeddable":true,"href":"https:\/\/singabiz.com\/de\/wp-json\/wp\/v2\/pages\/25"}],"wp:attachment":[{"href":"https:\/\/singabiz.com\/de\/wp-json\/wp\/v2\/media?parent=29"}],"curies":[{"name":"wp","href":"https:\/\/api.w.org\/{rel}","templated":true}]}}