{"id":33,"date":"2022-09-15T21:36:53","date_gmt":"2022-09-15T19:36:53","guid":{"rendered":"https:\/\/singabiz.com\/de\/?page_id=33"},"modified":"2022-09-15T21:36:54","modified_gmt":"2022-09-15T19:36:54","slug":"internationales-business","status":"publish","type":"page","link":"https:\/\/singabiz.com\/de\/internationales-business\/","title":{"rendered":"Internationales Business"},"content":{"rendered":"\n<p>In diesem Bereich unserer Webseite finden Sie Informationen zu den L\u00e4ndern, in denen wir Sie bei Ihren internationalen Vorhaben entweder direkt oder \u00fcber unsere Partner unterst\u00fctzen k\u00f6nnen, und zu den angebotenen Services.<\/p>\n\n\n\n<p>Gerne beraten wir Sie individuell \u00fcber vorhandene internationale Optionen und M\u00f6glichkeiten. Aufgrund des damit verbundenen Beratungsaufwandes (Beratungsvorbereitung basierend auf Ihren individuellen Anforderungen, Ausgangslage und Zielen, Durchf\u00fchrung der Beratung und ggf. Nachbereitung) berechnen wir f\u00fcr unsere erste Beratung eine geringe Pauschale in H\u00f6he von 599 Euro netto. Die Erstberatung ist f\u00fcr Sie kostenlos, falls Sie sich anschlie\u00dfend f\u00fcr Singabiz als Ihren Serviceprovider entscheiden, denn in diesem Fall verrechnen wir die entstandenen Erstberatungskosten mit unseren Servicekosten. Durch unser mittlerweile recht breit angelegtes Netzwerk k\u00f6nnen wir auch andere L\u00e4nder vermitteln als nur die, die wir selbst oder innerhalb von Singabiz Network anbieten. Sprechen Sie uns einfach darauf an.<\/p>\n","protected":false},"excerpt":{"rendered":"<p>In diesem Bereich unserer Webseite finden Sie Informationen zu den L\u00e4ndern, in denen wir Sie bei Ihren internationalen Vorhaben entweder direkt oder \u00fcber unsere Partner unterst\u00fctzen k\u00f6nnen, und zu den angebotenen Services. Gerne beraten wir Sie individuell \u00fcber vorhandene internationale Optionen und M\u00f6glichkeiten. Aufgrund des damit verbundenen Beratungsaufwandes (Beratungsvorbereitung basierend<\/p>\n","protected":false},"author":1,"featured_media":0,"parent":0,"menu_order":50,"comment_status":"closed","ping_status":"closed","template":"","meta":{"footnotes":""},"class_list":["post-33","page","type-page","status-publish","hentry"],"_links":{"self":[{"href":"https:\/\/singabiz.com\/de\/wp-json\/wp\/v2\/pages\/33","targetHints":{"allow":["GET"]}}],"collection":[{"href":"https:\/\/singabiz.com\/de\/wp-json\/wp\/v2\/pages"}],"about":[{"href":"https:\/\/singabiz.com\/de\/wp-json\/wp\/v2\/types\/page"}],"author":[{"embeddable":true,"href":"https:\/\/singabiz.com\/de\/wp-json\/wp\/v2\/users\/1"}],"replies":[{"embeddable":true,"href":"https:\/\/singabiz.com\/de\/wp-json\/wp\/v2\/comments?post=33"}],"version-history":[{"count":1,"href":"https:\/\/singabiz.com\/de\/wp-json\/wp\/v2\/pages\/33\/revisions"}],"predecessor-version":[{"id":34,"href":"https:\/\/singabiz.com\/de\/wp-json\/wp\/v2\/pages\/33\/revisions\/34"}],"wp:attachment":[{"href":"https:\/\/singabiz.com\/de\/wp-json\/wp\/v2\/media?parent=33"}],"curies":[{"name":"wp","href":"https:\/\/api.w.org\/{rel}","templated":true}]}}