{"id":35,"date":"2022-09-15T21:37:44","date_gmt":"2022-09-15T19:37:44","guid":{"rendered":"https:\/\/singabiz.com\/de\/?page_id=35"},"modified":"2022-09-15T21:37:44","modified_gmt":"2022-09-15T19:37:44","slug":"deutschland","status":"publish","type":"page","link":"https:\/\/singabiz.com\/de\/internationales-business\/deutschland\/","title":{"rendered":"Deutschland"},"content":{"rendered":"\n<p>Deutschland hat viele Argumente, damit man ein Unternehmen, bzw. zumindest eine Niederlassung in einer der deutschen Regionen gr\u00fcndet.<\/p>\n\n\n\n<p>Deutschland befindet sich mitten in der Europ\u00e4ischen Union und verf\u00fcgt \u00fcber ideale Transportnetze (Stra\u00dfennetz, Z\u00fcge, Flugh\u00e4fen, H\u00e4fen\u2026), um Waren und Produkte in die ganze EU auszuliefern. International ist die Vernetzung ebenfalls sehr gut: internationale H\u00e4fen und zahlreiche Flugh\u00e4fen verbinden deutsche Metropolen praktisch mit der ganzen Welt.<\/p>\n\n\n\n<p>Die N\u00e4he zu potentiellen Kunden, Partnern und Lieferanten spielt sicherlich eine wichtige Rolle im gesch\u00e4ftlichen Leben, sei es Forschung, Entwicklung, Warenlieferungen, Serviceangebote, Kundensupport oder sonstige Gr\u00fcnde.<\/p>\n\n\n\n<p>Ferner haben in Deutschland agierende Unternehmen oft einen sehr guten internationalen Ruf.<\/p>\n\n\n\n<p>Ausl\u00e4ndische Unternehmen, die in Deutschland eine Niederlassung oder eine Tochterfirma gr\u00fcnden, k\u00f6nnen zudem eine lokale EU-weit g\u00fcltige Umsatzsteuer-ID beantragen und somit den Handel innerhalb der EU betreiben.<\/p>\n\n\n\n<p>Mehrere deutsche St\u00e4dte sind bem\u00fcht, m\u00f6glichst startup- und gr\u00fcnderfreundlich zu sein und perfekte Bedingungen und Infrastruktur f\u00fcr junge Unternehmen anbieten zu k\u00f6nnen. Dies kommt ebenfalls neu gegr\u00fcndeten Unternehmen zugute. Ferner k\u00f6nnen in Deutschland gegr\u00fcndete Unternehmen auch F\u00f6rderung f\u00fcr bestimmte Beratungen in Anspruch nehmen und die Beratungskosten teilweise aus \u00f6ffentlichen Mitteln erstatten lassen.<\/p>\n\n\n\n<p>Trotz vergleichsweise hoher Steuerlast in Deutschland haben Unternehmen die M\u00f6glichkeit, viele Gesch\u00e4ftsausgaben steuerlich ber\u00fccksichtigen zu lassen. Ferner gibt es auch diverse Optionen f\u00fcr legale steueroptimierte Gesch\u00e4ftsmodelle, die auch neugegr\u00fcndete Firmen optimal einsetzen k\u00f6nnen.<\/p>\n\n\n\n<p>Freihandels- und Doppelbesteuerungsabkommen mit vielen L\u00e4ndern weltweit, gut ausgebildete, mehrsprachige und international orientierte Arbeitskr\u00e4fte sind weitere Argumente f\u00fcr die Ansiedlung Ihres Unternehmens bzw. Niederlassung in Deutschland.<\/p>\n\n\n\n<p>Singabiz ist in Deutschland sehr gut vernetzt und kann somit ein breites Spektrum an Services und Dienstleistungen aus einer Hand und gut koordiniert entweder selbst, oder \u00fcber Singabiz Netzwerkpartner anbieten. Unsere Kunden k\u00f6nnen von uns unter anderem folgende Dienstleistungen in Deutschland erwarten:<\/p>\n\n\n\n<ul class=\"wp-block-list\"><li>Firmengr\u00fcndungen<\/li><li>Interim management und \u00dcbernahme der Gesch\u00e4ftsf\u00fchrung Ihrer deutschen Firma<\/li><li>Laufende Unterst\u00fctzung im Innenverh\u00e4ltnis<\/li><li>Autorisierte Repr\u00e4sentanz Ihres Unternehmens gegen\u00fcber externen Partnern, Kunden und deutschen Beh\u00f6rden<\/li><li>Rechtsberatung und notarielle Unterst\u00fctzung<\/li><li>Steuerberatung und Buchhaltung<\/li><li>Gesch\u00e4ftsadresse und B\u00fcror\u00e4ume<\/li><li>Hilfe bei der Er\u00f6ffnung von Bankkonten<\/li><li>Hilfe bei der Anmeldung der passenden Internetadresse<\/li><li>Hilfe beim Schutz des Firmennamens, der Wort- und Bildmarken durch die Begleitung der Anmeldung beim Deutschen Patent- und Markenamt<\/li><li>Zertifizierte \u00dcbersetzungen der ben\u00f6tigten Unterlagen ins Deutsche<\/li><li>Dolmetscherleistungen<\/li><li>Optimierung der Gesch\u00e4ftsprozesse und -kosten<\/li><li>Sekretariats- und Hotlineservice<\/li><li>Eingehende Expat-Beratung, -begleitung und -unterst\u00fctzung in Deutschland<\/li><li>\u2026<\/li><\/ul>\n","protected":false},"excerpt":{"rendered":"<p>Deutschland hat viele Argumente, damit man ein Unternehmen, bzw. zumindest eine Niederlassung in einer der deutschen Regionen gr\u00fcndet. Deutschland befindet sich mitten in der Europ\u00e4ischen Union und verf\u00fcgt \u00fcber ideale Transportnetze (Stra\u00dfennetz, Z\u00fcge, Flugh\u00e4fen, H\u00e4fen\u2026), um Waren und Produkte in die ganze EU auszuliefern. International ist die Vernetzung ebenfalls sehr<\/p>\n","protected":false},"author":1,"featured_media":0,"parent":33,"menu_order":60,"comment_status":"closed","ping_status":"closed","template":"","meta":{"footnotes":""},"class_list":["post-35","page","type-page","status-publish","hentry"],"_links":{"self":[{"href":"https:\/\/singabiz.com\/de\/wp-json\/wp\/v2\/pages\/35","targetHints":{"allow":["GET"]}}],"collection":[{"href":"https:\/\/singabiz.com\/de\/wp-json\/wp\/v2\/pages"}],"about":[{"href":"https:\/\/singabiz.com\/de\/wp-json\/wp\/v2\/types\/page"}],"author":[{"embeddable":true,"href":"https:\/\/singabiz.com\/de\/wp-json\/wp\/v2\/users\/1"}],"replies":[{"embeddable":true,"href":"https:\/\/singabiz.com\/de\/wp-json\/wp\/v2\/comments?post=35"}],"version-history":[{"count":1,"href":"https:\/\/singabiz.com\/de\/wp-json\/wp\/v2\/pages\/35\/revisions"}],"predecessor-version":[{"id":36,"href":"https:\/\/singabiz.com\/de\/wp-json\/wp\/v2\/pages\/35\/revisions\/36"}],"up":[{"embeddable":true,"href":"https:\/\/singabiz.com\/de\/wp-json\/wp\/v2\/pages\/33"}],"wp:attachment":[{"href":"https:\/\/singabiz.com\/de\/wp-json\/wp\/v2\/media?parent=35"}],"curies":[{"name":"wp","href":"https:\/\/api.w.org\/{rel}","templated":true}]}}