{"id":37,"date":"2022-09-15T21:38:36","date_gmt":"2022-09-15T19:38:36","guid":{"rendered":"https:\/\/singabiz.com\/de\/?page_id=37"},"modified":"2022-09-15T21:38:36","modified_gmt":"2022-09-15T19:38:36","slug":"singapur","status":"publish","type":"page","link":"https:\/\/singabiz.com\/de\/internationales-business\/singapur\/","title":{"rendered":"Singapur"},"content":{"rendered":"\n<p>Singapur ist eines der wichtigsten wirtschaftlichen Drehkreuze Asiens und zugleich eine der stabilsten Wirtschaftsm\u00e4chte der asiatisch-pazifischen Region und der Welt. Von Singapur aus gelangt man dank seiner g\u00fcnstigen geographischen Lage innerhalb von wenigen Flugstunden in die meisten asiatischen L\u00e4nder wie Malaysia, Indonesien, Thailand, Vietnam, China mit seinen Wirtschaftszentren Hong Kong und Shanghai, Philippinen, Indien usw. Die in Singapur g\u00fcltige Zeitzone macht es m\u00f6glich, Gesch\u00e4fte mit allen asiatischen L\u00e4ndern w\u00e4hrend der normalen B\u00fcrozeiten zu betreiben.<\/p>\n\n\n\n<p>Singapur ist ein rechtsicherer Staat mit einem gut ausgebauten Rechtssystem. Unter anderem hat das geistige Eigentum einen sehr hohen Wert und wird entsprechend gesch\u00fctzt. Die Regierung von Singapur hat immer Firmen und Unternehmen begr\u00fc\u00dft und durch entsprechende Gesetze und Regulierungen gesch\u00fctzt, unabh\u00e4ngig von weltweiten Wirtschaftskrisen. Zu solchen Ma\u00dfnahmen geh\u00f6ren u.a. die Reduzierung der Steuers\u00e4tze f\u00fcr Unternehmen, Absenkung der Raten f\u00fcr Einzahlungen in den Rentenfonds der Arbeitnehmer, Festsetzung der maximal zul\u00e4ssigen Mietraten f\u00fcr B\u00fcror\u00e4ume. Die Weltbank hat Singapur mehrmals als \u201eden weltweit einfachsten Ort f\u00fcr Businessbetrieb\u201c (\u201eThe world\u2019s easiest place to do business\u201c in ihren Berichten (\u201eDoing Business Report\u201c) erw\u00e4hnt.<\/p>\n\n\n\n<p>In Singapur herrschen perfekte Rahmenbedingungen, ein extrem g\u00fcnstiges und unternehmerfreundliches Business-Klima, das den Gesch\u00e4ftsleuten erm\u00f6glicht, recht einfach in Singapur eine neue Firma zu gr\u00fcnden und diese zu leiten. Gr\u00fcndungsprozesse sind sehr gut durchdacht und maximal vereinfacht. Singapur besticht ebenfalls durch eine extrem gut ausgebaute Infrastruktur. Dank fehlender Korruption in Singapur sind die Gr\u00fcndungsprozesse auch sehr transparent<\/p>\n\n\n\n<p>Singapur verf\u00fcgt \u00fcber internationale und international erfahrene Arbeitskr\u00e4fte, bestens ausgebildet, bestens motiviert und extrem produktiv. Da Englisch eine der Staatssprachen in Singapur ist, sind die Arbeitskr\u00e4fte optimal auf den internationalen Einsatz vorbereitet.<\/p>\n\n\n\n<p>Die Lebensqualit\u00e4t in Singapur ist eine der besten weltweit. Es ist schwierig, Singapur an Freizeitaktivit\u00e4tsangeboten zu \u00fcberbieten. Sichere Umgebung rund um die Uhr, asiatische und westliche K\u00fcche, perfektes Verkehrsnetz, kulturelle Angebote, sportliche Aktivit\u00e4ten, internationale Schulen und eines der besten medizinischen Systeme der Welt sind nur einige Punkte auf der Vorteilsliste. Singapur rangiert seit Jahren auf den top Pl\u00e4tzen in Mercer\u2019s Umfragen in Bezug auf Lebensqualit\u00e4t und wurde als die beste asiatische Stadt in der Umfrage 2019 gew\u00e4hlt.<\/p>\n\n\n\n<p>Au\u00dferdem ist Singapur aktuell (2022) das einzige Land in S\u00fcdostasien, das ein ratifiziertes und aktives Freihandelsabkommen mit der EU hat. Gleichzeitig hat Singapur viele bilaterale Vertr\u00e4ge, auch innerhalb der ASEAN Economic Community.<\/p>\n\n\n\n<p>Singapur ist ein echtes \u201eTor nach Asien\u201c und in dieser Eigenschaft ein idealer Gr\u00fcndungsstandort. Und dieses Tor ist jetzt mit unserer Hilfe auch f\u00fcr klein- und mittelst\u00e4ndische Unternehmen noch einfacher zu \u00f6ffnen.<\/p>\n\n\n\n<p>Singabiz und Singabiz Network bieten Ihnen unter anderem folgende Leistungen in Singapur:<\/p>\n\n\n\n<ul class=\"wp-block-list\"><li>Firmengr\u00fcndungen<\/li><li>Corporate Secretary<\/li><li>Nominee Director<\/li><li>Hilfestellung bei Er\u00f6ffnung lokaler Bankkonten<\/li><li>Gesch\u00e4ftsadresse bzw. B\u00fcror\u00e4umlichkeiten<\/li><li>Buchhaltung und Jahresabschl\u00fcsse<\/li><li>Eingehende Expat-Beratung<\/li><li>Zertifizierte \u00dcbersetzungen der ben\u00f6tigten Unterlagen<\/li><li>Laufende Unterst\u00fctzung<\/li><li>\u2026<\/li><\/ul>\n","protected":false},"excerpt":{"rendered":"<p>Singapur ist eines der wichtigsten wirtschaftlichen Drehkreuze Asiens und zugleich eine der stabilsten Wirtschaftsm\u00e4chte der asiatisch-pazifischen Region und der Welt. Von Singapur aus gelangt man dank seiner g\u00fcnstigen geographischen Lage innerhalb von wenigen Flugstunden in die meisten asiatischen L\u00e4nder wie Malaysia, Indonesien, Thailand, Vietnam, China mit seinen Wirtschaftszentren Hong Kong<\/p>\n","protected":false},"author":1,"featured_media":0,"parent":33,"menu_order":70,"comment_status":"closed","ping_status":"closed","template":"","meta":{"footnotes":""},"class_list":["post-37","page","type-page","status-publish","hentry"],"_links":{"self":[{"href":"https:\/\/singabiz.com\/de\/wp-json\/wp\/v2\/pages\/37","targetHints":{"allow":["GET"]}}],"collection":[{"href":"https:\/\/singabiz.com\/de\/wp-json\/wp\/v2\/pages"}],"about":[{"href":"https:\/\/singabiz.com\/de\/wp-json\/wp\/v2\/types\/page"}],"author":[{"embeddable":true,"href":"https:\/\/singabiz.com\/de\/wp-json\/wp\/v2\/users\/1"}],"replies":[{"embeddable":true,"href":"https:\/\/singabiz.com\/de\/wp-json\/wp\/v2\/comments?post=37"}],"version-history":[{"count":1,"href":"https:\/\/singabiz.com\/de\/wp-json\/wp\/v2\/pages\/37\/revisions"}],"predecessor-version":[{"id":38,"href":"https:\/\/singabiz.com\/de\/wp-json\/wp\/v2\/pages\/37\/revisions\/38"}],"up":[{"embeddable":true,"href":"https:\/\/singabiz.com\/de\/wp-json\/wp\/v2\/pages\/33"}],"wp:attachment":[{"href":"https:\/\/singabiz.com\/de\/wp-json\/wp\/v2\/media?parent=37"}],"curies":[{"name":"wp","href":"https:\/\/api.w.org\/{rel}","templated":true}]}}