{"id":39,"date":"2022-09-15T21:39:51","date_gmt":"2022-09-15T19:39:51","guid":{"rendered":"https:\/\/singabiz.com\/de\/?page_id=39"},"modified":"2022-09-15T21:43:31","modified_gmt":"2022-09-15T19:43:31","slug":"hongkong","status":"publish","type":"page","link":"https:\/\/singabiz.com\/de\/internationales-business\/hongkong\/","title":{"rendered":"Hongkong"},"content":{"rendered":"\n<p>Hongkong ist eine weitere Destination in Asien, die \u00e4u\u00dferst attraktiv f\u00fcr Ihr Unternehmen sein kann. Auch wenn Hongkong 1997 von Gro\u00dfbritannien an China \u00fcbergeben wurde, unterh\u00e4lt es seinen Status als Sonderverwaltungszone mit der eigenen W\u00e4hrung (Hongkong-Dollar) und dem eigenen Verwaltungssystem.<\/p>\n\n\n\n<p>Viele Unternehmen aus China kommen zwecks Gesch\u00e4ftsabschl\u00fcsse mit anderen Firmen nach Hongkong und unterhalten dort ihre Niederlassungen, da internationale Gesch\u00e4fte in Hongkong deutlich einfacher gestaltet werden k\u00f6nnen und internationale Kapitalfl\u00fcsse ohne Einschr\u00e4nkungen m\u00f6glich sind, wie sie in China selbst praktiziert werden.<\/p>\n\n\n\n<p>Aber auch internationale Unternehmen aus anderen L\u00e4ndern profitieren in mehrfacher Hinsicht vom Standort Hongkong. Hierzu z\u00e4hlen u.a.<\/p>\n\n\n\n<ul class=\"wp-block-list\"><li>Die N\u00e4he an China, Korea und Japan<\/li><li>Vorteilhafte Standortbedingungen (Gr\u00fcndung, Banken, Steuern)<\/li><li>Flexibilit\u00e4t der Gesch\u00e4ftsf\u00fchrung<\/li><li>Internationale Anerkennung<\/li><\/ul>\n\n\n\n<p>Die Firmengr\u00fcndung in Hongkong orientiert sich stark an den Gr\u00fcndungsmodellen des Commonwealth und hat viele \u00c4hnlichkeiten:<\/p>\n\n\n\n<ul class=\"wp-block-list\"><li>Gr\u00fcndungskapital: nur 1 HKD<\/li><li>Schnelle und unkomplizierte Gr\u00fcndung<\/li><li>Corporate Secretary (obligatorische Bedingung f\u00fcr alle Firmen in Hongkong)<\/li><li>Eine lokale Gesch\u00e4ftsadresse sowie ein lokaler Vertreter zwecks Empfangs der gesch\u00e4ftlichen Post runden den Bedarf ab<\/li><\/ul>\n\n\n\n<p>All das, sowie die Assistance bei der Er\u00f6ffnung eines lokalen Gesch\u00e4ftskontos kann von Singabiz bezogen werden.<\/p>\n\n\n\n<p>Ferner sind wir im engen Kontakt mit Hong Kong Trade Development Council, was bestimmte Abl\u00e4ufe erleichtern bzw. beschleunigen kann.<\/p>\n","protected":false},"excerpt":{"rendered":"<p>Hongkong ist eine weitere Destination in Asien, die \u00e4u\u00dferst attraktiv f\u00fcr Ihr Unternehmen sein kann. Auch wenn Hongkong 1997 von Gro\u00dfbritannien an China \u00fcbergeben wurde, unterh\u00e4lt es seinen Status als Sonderverwaltungszone mit der eigenen W\u00e4hrung (Hongkong-Dollar) und dem eigenen Verwaltungssystem. Viele Unternehmen aus China kommen zwecks Gesch\u00e4ftsabschl\u00fcsse mit anderen Firmen<\/p>\n","protected":false},"author":1,"featured_media":0,"parent":33,"menu_order":80,"comment_status":"closed","ping_status":"closed","template":"","meta":{"footnotes":""},"class_list":["post-39","page","type-page","status-publish","hentry"],"_links":{"self":[{"href":"https:\/\/singabiz.com\/de\/wp-json\/wp\/v2\/pages\/39","targetHints":{"allow":["GET"]}}],"collection":[{"href":"https:\/\/singabiz.com\/de\/wp-json\/wp\/v2\/pages"}],"about":[{"href":"https:\/\/singabiz.com\/de\/wp-json\/wp\/v2\/types\/page"}],"author":[{"embeddable":true,"href":"https:\/\/singabiz.com\/de\/wp-json\/wp\/v2\/users\/1"}],"replies":[{"embeddable":true,"href":"https:\/\/singabiz.com\/de\/wp-json\/wp\/v2\/comments?post=39"}],"version-history":[{"count":1,"href":"https:\/\/singabiz.com\/de\/wp-json\/wp\/v2\/pages\/39\/revisions"}],"predecessor-version":[{"id":40,"href":"https:\/\/singabiz.com\/de\/wp-json\/wp\/v2\/pages\/39\/revisions\/40"}],"up":[{"embeddable":true,"href":"https:\/\/singabiz.com\/de\/wp-json\/wp\/v2\/pages\/33"}],"wp:attachment":[{"href":"https:\/\/singabiz.com\/de\/wp-json\/wp\/v2\/media?parent=39"}],"curies":[{"name":"wp","href":"https:\/\/api.w.org\/{rel}","templated":true}]}}