{"id":4,"date":"2022-09-15T18:02:33","date_gmt":"2022-09-15T16:02:33","guid":{"rendered":"https:\/\/singabiz.com\/de\/?page_id=4"},"modified":"2025-07-15T14:03:33","modified_gmt":"2025-07-15T12:03:33","slug":"home","status":"publish","type":"page","link":"https:\/\/singabiz.com\/de\/","title":{"rendered":"Home"},"content":{"rendered":"\n<p class=\"has-large-font-size\">So viele verschiedene Bed\u00fcrfnisse:<\/p>\n\n\n\n<div class=\"wp-block-columns is-layout-flex wp-container-core-columns-is-layout-9d6595d7 wp-block-columns-is-layout-flex\">\n<div class=\"wp-block-column is-layout-flow wp-block-column-is-layout-flow\">\n<figure class=\"wp-block-image size-large\"><img loading=\"lazy\" decoding=\"async\" width=\"1024\" height=\"682\" src=\"https:\/\/singabiz.com\/de\/wp-content\/uploads\/sites\/5\/2025\/07\/Free-Zone-Companies-stairs-6133971_1280-1024x682.jpg\" alt=\"\" class=\"wp-image-206\" srcset=\"https:\/\/singabiz.com\/de\/wp-content\/uploads\/sites\/5\/2025\/07\/Free-Zone-Companies-stairs-6133971_1280-1024x682.jpg 1024w, https:\/\/singabiz.com\/de\/wp-content\/uploads\/sites\/5\/2025\/07\/Free-Zone-Companies-stairs-6133971_1280-300x200.jpg 300w, https:\/\/singabiz.com\/de\/wp-content\/uploads\/sites\/5\/2025\/07\/Free-Zone-Companies-stairs-6133971_1280-768x512.jpg 768w, https:\/\/singabiz.com\/de\/wp-content\/uploads\/sites\/5\/2025\/07\/Free-Zone-Companies-stairs-6133971_1280.jpg 1280w\" sizes=\"auto, (max-width: 1024px) 100vw, 1024px\" \/><figcaption class=\"wp-element-caption\"><a href=\"https:\/\/singabiz.com\/de\/internationales-business\/\" target=\"_blank\" rel=\"noreferrer noopener\">Firmen in attraktivsten L\u00e4ndern der Welt<\/a><\/figcaption><\/figure>\n<\/div>\n\n\n\n<div class=\"wp-block-column is-layout-flow wp-block-column-is-layout-flow\">\n<figure class=\"wp-block-image size-large\"><img loading=\"lazy\" decoding=\"async\" width=\"1024\" height=\"688\" src=\"https:\/\/singabiz.com\/de\/wp-content\/uploads\/sites\/5\/2025\/07\/passport-3127925_1280-1024x688.jpg\" alt=\"\" class=\"wp-image-208\" srcset=\"https:\/\/singabiz.com\/de\/wp-content\/uploads\/sites\/5\/2025\/07\/passport-3127925_1280-1024x688.jpg 1024w, https:\/\/singabiz.com\/de\/wp-content\/uploads\/sites\/5\/2025\/07\/passport-3127925_1280-300x202.jpg 300w, https:\/\/singabiz.com\/de\/wp-content\/uploads\/sites\/5\/2025\/07\/passport-3127925_1280-768x516.jpg 768w, https:\/\/singabiz.com\/de\/wp-content\/uploads\/sites\/5\/2025\/07\/passport-3127925_1280.jpg 1280w\" sizes=\"auto, (max-width: 1024px) 100vw, 1024px\" \/><figcaption class=\"wp-element-caption\"><a href=\"https:\/\/singabiz.com\/de\/internationales-leben\/\" target=\"_blank\" rel=\"noreferrer noopener\">(permanente) Wohnsitze, Staatsangeh\u00f6rigkeiten<\/a><\/figcaption><\/figure>\n<\/div>\n\n\n\n<div class=\"wp-block-column is-layout-flow wp-block-column-is-layout-flow\">\n<figure class=\"wp-block-image size-large\"><img loading=\"lazy\" decoding=\"async\" width=\"1024\" height=\"682\" src=\"https:\/\/singabiz.com\/de\/wp-content\/uploads\/sites\/5\/2025\/07\/gold-8218390_1280-1024x682.jpg\" alt=\"\" class=\"wp-image-207\" srcset=\"https:\/\/singabiz.com\/de\/wp-content\/uploads\/sites\/5\/2025\/07\/gold-8218390_1280-1024x682.jpg 1024w, https:\/\/singabiz.com\/de\/wp-content\/uploads\/sites\/5\/2025\/07\/gold-8218390_1280-300x200.jpg 300w, https:\/\/singabiz.com\/de\/wp-content\/uploads\/sites\/5\/2025\/07\/gold-8218390_1280-768x512.jpg 768w, https:\/\/singabiz.com\/de\/wp-content\/uploads\/sites\/5\/2025\/07\/gold-8218390_1280.jpg 1280w\" sizes=\"auto, (max-width: 1024px) 100vw, 1024px\" \/><figcaption class=\"wp-element-caption\"><a href=\"https:\/\/singabiz.com\/de\/vermoegensschutz\/\" target=\"_blank\" rel=\"noreferrer noopener\">Verm\u00f6gensschutz und -aufbau<\/a><\/figcaption><\/figure>\n<\/div>\n\n\n\n<div class=\"wp-block-column is-layout-flow wp-block-column-is-layout-flow\">\n<figure class=\"wp-block-image size-large is-resized\"><img loading=\"lazy\" decoding=\"async\" width=\"1024\" height=\"768\" src=\"https:\/\/singabiz.com\/de\/wp-content\/uploads\/sites\/5\/2025\/07\/CIMG0604-1024x768.jpg\" alt=\"\" class=\"wp-image-209\" style=\"width:181px;height:auto\" srcset=\"https:\/\/singabiz.com\/de\/wp-content\/uploads\/sites\/5\/2025\/07\/CIMG0604-1024x768.jpg 1024w, https:\/\/singabiz.com\/de\/wp-content\/uploads\/sites\/5\/2025\/07\/CIMG0604-300x225.jpg 300w, https:\/\/singabiz.com\/de\/wp-content\/uploads\/sites\/5\/2025\/07\/CIMG0604-768x576.jpg 768w, https:\/\/singabiz.com\/de\/wp-content\/uploads\/sites\/5\/2025\/07\/CIMG0604-1536x1152.jpg 1536w, https:\/\/singabiz.com\/de\/wp-content\/uploads\/sites\/5\/2025\/07\/CIMG0604.jpg 2048w\" sizes=\"auto, (max-width: 1024px) 100vw, 1024px\" \/><figcaption class=\"wp-element-caption\"><a href=\"https:\/\/singabiz.com\/de\/internationale-reisen\/\" target=\"_blank\" rel=\"noreferrer noopener\">Optimiertes Reiseerlebnis<\/a><\/figcaption><\/figure>\n<\/div>\n<\/div>\n\n\n\n<p class=\"has-text-align-center has-large-font-size\">und nur eine einzige Antwort: <\/p>\n\n\n\n<figure class=\"wp-block-image size-large\"><img loading=\"lazy\" decoding=\"async\" width=\"1024\" height=\"418\" src=\"https:\/\/singabiz.com\/de\/wp-content\/uploads\/sites\/5\/2022\/09\/Singabiz-R-01-1024x418.jpg\" alt=\"\" class=\"wp-image-7\"\/><\/figure>\n\n\n\n<h2 class=\"wp-block-heading\">Stimmen unserer Kunden:<\/h2>\n\n\n\n<hr class=\"wp-block-separator has-css-opacity is-style-default\"\/>\n\n\n\n<blockquote class=\"wp-block-quote has-text-align-center is-style-large is-layout-flow wp-block-quote-is-layout-flow\">\n<p>\u201eDie Gr\u00fcndung unserer Gesellschaft in Singapur verlief absolut reibungslos. S\u00e4mtliche Fragen im Laufe der Gr\u00fcndung wurden schnell und professionell beantwortet. Nicht der billigste Anbieter auf dem Markt, aber die Servicequalit\u00e4t und die Professionalit\u00e4t verdienen den Preis.\u201c<\/p>\n<cite>\u2013 <strong>Alice und Frank F., Gesch\u00e4ftsinhaber<\/strong><\/cite><\/blockquote>\n\n\n\n<hr class=\"wp-block-separator has-css-opacity is-style-default\"\/>\n\n\n\n<blockquote class=\"wp-block-quote has-text-align-center is-style-large is-layout-flow wp-block-quote-is-layout-flow\">\n<p>\u201eMein Bankkonto in Singapur war recht schnell ge\u00f6ffnet. Ich musste daf\u00fcr nicht einmal nach Singapur reisen. Danke, Singabiz\u00ae-Team!\u201c<\/p>\n<cite>\u2013 <strong>Niko A., Privatier<\/strong><\/cite><\/blockquote>\n\n\n\n<hr class=\"wp-block-separator has-css-opacity is-style-default\"\/>\n\n\n\n<blockquote class=\"wp-block-quote has-text-align-center is-style-large is-layout-flow wp-block-quote-is-layout-flow\">\n<p>\u201eDie St\u00e4rke von Singabiz\u00ae ist in ihrer holistischen Herangehensweise und Verbindungen zu vielen verschiedenen L\u00e4ndern. Unsere Gr\u00fcndung in Irland verlief schneller als gedacht und wurde sehr professionell erledigt. Zus\u00e4tzliche Beratungen zu unserem pers\u00f6nlichen Wohnsitz waren ebenfalls sehr hilfreich, um unser gesamtes Setup zu optimieren.\u201c<\/p>\n<cite>\u2013 <strong>Amanda L., digital business<\/strong><\/cite><\/blockquote>\n\n\n\n<hr class=\"wp-block-separator has-css-opacity is-style-default\"\/>\n\n\n\n<blockquote class=\"wp-block-quote has-text-align-center is-style-large is-layout-flow wp-block-quote-is-layout-flow\">\n<p>\u201eSuper hilfreiche Begleitung, um mein MM2H Visum f\u00fcr Malaysia zu erhalten. Singabiz\u00ae und ihr lokaler Partner waren immer zu meiner Seite, beantworteten alle meinen Fragen, kannten sich perfekt aus, und halfen mir, meine MM2H schnell und problemlos zu bekommen.\u201c<\/p>\n<cite>\u2013 <strong>Marco B., Trader<\/strong><\/cite><\/blockquote>\n\n\n\n<hr class=\"wp-block-separator has-css-opacity is-style-default\"\/>\n\n\n\n<blockquote class=\"wp-block-quote has-text-align-center is-style-large is-layout-flow wp-block-quote-is-layout-flow\">\n<p>\u201eUnterst\u00fctzung in VAE war au\u00dferordentlich, von der Gr\u00fcndung meiner Free Zone Firma bis zum Erhalt meines Visums, alles verlief reibungslos und sehr professionell. Und das Singabiz\u00ae-Team kann die Unterst\u00fctzung sogar in Franz\u00f6sisch anbieten, sehr wertvoll!\u201c<\/p>\n<cite>\u2013 <strong>Gerome S., Expat in VAE<\/strong><\/cite><\/blockquote>\n\n\n\n<hr class=\"wp-block-separator has-css-opacity is-style-default\"\/>\n\n\n\n<blockquote class=\"wp-block-quote has-text-align-center is-style-large is-layout-flow wp-block-quote-is-layout-flow\">\n<p>\u201eIch h\u00e4tte nie gedacht, dass Investitionen in Wertmetalle so einfach und jederzeit verf\u00fcgbar sein k\u00f6nnen. Und mit der Registrierung \u00fcber den Link von Singabiz\u00ae kann ich sogar noch mehr von bereits niedrigen Geb\u00fchren sparen. Danke an Singabiz\u00ae f\u00fcr den Tipp zu Flexgold.\u201c<\/p>\n<cite>\u2013 <strong>Anton M., Gesch\u00e4ftsinhaber<\/strong><\/cite><\/blockquote>\n\n\n\n<hr class=\"wp-block-separator has-css-opacity is-style-default\"\/>\n\n\n\n<blockquote class=\"wp-block-quote has-text-align-center is-style-large is-layout-flow wp-block-quote-is-layout-flow\">\n<p>\u201eOhne Hilfe von Singabiz\u00ae w\u00e4ren wir nicht imstande, unsere Niederlassung in Deutschland zu etablieren und lokal mit einer medizinischen Forschungseinrichtung zusammenzuarbeiten. Singabiz\u00ae Network hat alles \u00fcbernommen: vom allt\u00e4glichen Verwaltungssupport bis hin zu Personalverwaltung, Gehaltszahlungen, Steuererkl\u00e4rungen. Wir k\u00f6nnen uns auf unsere Forschung konzentrieren. Der Rest wird von Singabiz\u00ae oder Singabiz\u00ae Network Partnern zu sehr wettbewerbsf\u00e4higen Preisen erledigt. Danke an das Team f\u00fcr den unglaublichen Support!\u201c<\/p>\n<cite>\u2013 <strong>Alicia L., Kumar S., Medizinwissenschaftler<\/strong><\/cite><\/blockquote>\n\n\n\n<hr class=\"wp-block-separator has-css-opacity is-style-default\"\/>\n","protected":false},"excerpt":{"rendered":"<p>So viele verschiedene Bed\u00fcrfnisse: und nur eine einzige Antwort: Stimmen unserer Kunden: \u201eDie Gr\u00fcndung unserer Gesellschaft in Singapur verlief absolut reibungslos. S\u00e4mtliche Fragen im Laufe der Gr\u00fcndung wurden schnell und professionell beantwortet. Nicht der billigste Anbieter auf dem Markt, aber die Servicequalit\u00e4t und die Professionalit\u00e4t verdienen den Preis.\u201c \u2013 Alice<\/p>\n","protected":false},"author":1,"featured_media":0,"parent":0,"menu_order":0,"comment_status":"closed","ping_status":"closed","template":"","meta":{"footnotes":""},"class_list":["post-4","page","type-page","status-publish","hentry"],"_links":{"self":[{"href":"https:\/\/singabiz.com\/de\/wp-json\/wp\/v2\/pages\/4","targetHints":{"allow":["GET"]}}],"collection":[{"href":"https:\/\/singabiz.com\/de\/wp-json\/wp\/v2\/pages"}],"about":[{"href":"https:\/\/singabiz.com\/de\/wp-json\/wp\/v2\/types\/page"}],"author":[{"embeddable":true,"href":"https:\/\/singabiz.com\/de\/wp-json\/wp\/v2\/users\/1"}],"replies":[{"embeddable":true,"href":"https:\/\/singabiz.com\/de\/wp-json\/wp\/v2\/comments?post=4"}],"version-history":[{"count":18,"href":"https:\/\/singabiz.com\/de\/wp-json\/wp\/v2\/pages\/4\/revisions"}],"predecessor-version":[{"id":216,"href":"https:\/\/singabiz.com\/de\/wp-json\/wp\/v2\/pages\/4\/revisions\/216"}],"wp:attachment":[{"href":"https:\/\/singabiz.com\/de\/wp-json\/wp\/v2\/media?parent=4"}],"curies":[{"name":"wp","href":"https:\/\/api.w.org\/{rel}","templated":true}]}}