{"id":41,"date":"2022-09-15T21:40:26","date_gmt":"2022-09-15T19:40:26","guid":{"rendered":"https:\/\/singabiz.com\/de\/?page_id=41"},"modified":"2024-06-26T22:08:39","modified_gmt":"2024-06-26T20:08:39","slug":"malaysia","status":"publish","type":"page","link":"https:\/\/singabiz.com\/de\/internationales-business\/malaysia\/","title":{"rendered":"Malaysia"},"content":{"rendered":"\n<p>Malaysia ist nach Singapur das zweiwichtigste Land in S\u00fcdostasien, das sich unaufh\u00f6rlich verbessert und entwickelt. Das spiegelt auch sein Rating \u201eEase of Doing Business\u201c der Weltbank wider: in den Jahren von 2018 bis 2020 hat sich Malaysia vom Platz 24 auf Platz 15 und weiter auf Platz 12 regelrecht katapultiert. Zum Vergleich: Deutschland war in denselben Jahren auf den Pl\u00e4tzen 20 bis 24 zu finden.<\/p>\n\n\n\n<p>Genauso wie Singapur ist Malaysia \u00e4u\u00dferst Startup-freundlich und f\u00fcr ausl\u00e4ndische Investitionen offen. Um diese zu unterst\u00fctzen, gibt es diverse Programme der malaiischen Regierung, die das Setup eines neuen Unternehmens in Malaysia m\u00f6glichst stressfrei und positiv zu gestalten helfen.<\/p>\n\n\n\n<p>Je nach der gew\u00e4hlten Region, der Unternehmensbranche, der geplanten Expansionsgr\u00f6\u00dfe, Besch\u00e4ftigungsumfang der lokalen Arbeitskr\u00e4fte und sonstigen Kriterien k\u00f6nnen die Einfuhren der ben\u00f6tigten Maschinen, Anlagen und weiteren Firmenbedarfs steuerfrei durchgef\u00fchrt werden. Ferner k\u00f6nnen bestimmte Unternehmen jahrelange Steuererleichterungen in Form von Tax Vacation erhalten, mit anderen Worten sind sie f\u00fcr eine bestimmte Dauer von der lokalen Steuerzahlung befreit (mit Verl\u00e4ngerungsm\u00f6glichkeit).<\/p>\n\n\n\n<p>Produktion und Lagerung ist in Malaysia deutlich g\u00fcnstiger als im benachbarten Singapur. Die Arbeitskr\u00e4fte sind genauso gut ausgebildet, international orientiert, jung und motiviert wie in Singapur. Die Infrastruktur (Stra\u00dfen, Eisenbahn, Luft- und Seeverkehr) ist sehr gut ausgebaut.<\/p>\n\n\n\n<p>In der arabischen Welt hat Malaysia einen sehr guten Ruf, was die Herstellung von Halal-Produkten betrifft.<\/p>\n\n\n\n<p>Auch die Lebensqualit\u00e4t ist deutlich h\u00f6her als in den meisten anderen asiatischen L\u00e4ndern mit der schulischen und medizinischen Versorgung nahezu auf dem westlichen Niveau. Singabiz arbeitet sehr intensiv mit malaiischen Regierungsorganisationen wie z.B. MIDA \u2013 Malaysian Investment Development Authority und Matrade, um unseren Kunden einen m\u00f6glichst stressfreien und nahtlosen Prozess der Gesch\u00e4ftsansiedlung in Malaysia durch alle Etappen zu erm\u00f6glichen. Die Firmengr\u00fcndung in Malaysia kann dadurch zwar nicht zum Kinderspiel werden, mit unserer Hilfe wird sie allerdings deutlich reibungsloser verlaufen. <\/p>\n","protected":false},"excerpt":{"rendered":"<p>Malaysia ist nach Singapur das zweiwichtigste Land in S\u00fcdostasien, das sich unaufh\u00f6rlich verbessert und entwickelt. Das spiegelt auch sein Rating \u201eEase of Doing Business\u201c der Weltbank wider: in den Jahren von 2018 bis 2020 hat sich Malaysia vom Platz 24 auf Platz 15 und weiter auf Platz 12 regelrecht katapultiert.<\/p>\n","protected":false},"author":1,"featured_media":0,"parent":33,"menu_order":90,"comment_status":"closed","ping_status":"closed","template":"","meta":{"footnotes":""},"class_list":["post-41","page","type-page","status-publish","hentry"],"_links":{"self":[{"href":"https:\/\/singabiz.com\/de\/wp-json\/wp\/v2\/pages\/41","targetHints":{"allow":["GET"]}}],"collection":[{"href":"https:\/\/singabiz.com\/de\/wp-json\/wp\/v2\/pages"}],"about":[{"href":"https:\/\/singabiz.com\/de\/wp-json\/wp\/v2\/types\/page"}],"author":[{"embeddable":true,"href":"https:\/\/singabiz.com\/de\/wp-json\/wp\/v2\/users\/1"}],"replies":[{"embeddable":true,"href":"https:\/\/singabiz.com\/de\/wp-json\/wp\/v2\/comments?post=41"}],"version-history":[{"count":2,"href":"https:\/\/singabiz.com\/de\/wp-json\/wp\/v2\/pages\/41\/revisions"}],"predecessor-version":[{"id":187,"href":"https:\/\/singabiz.com\/de\/wp-json\/wp\/v2\/pages\/41\/revisions\/187"}],"up":[{"embeddable":true,"href":"https:\/\/singabiz.com\/de\/wp-json\/wp\/v2\/pages\/33"}],"wp:attachment":[{"href":"https:\/\/singabiz.com\/de\/wp-json\/wp\/v2\/media?parent=41"}],"curies":[{"name":"wp","href":"https:\/\/api.w.org\/{rel}","templated":true}]}}