{"id":43,"date":"2022-09-15T21:40:54","date_gmt":"2022-09-15T19:40:54","guid":{"rendered":"https:\/\/singabiz.com\/de\/?page_id=43"},"modified":"2024-05-24T15:17:38","modified_gmt":"2024-05-24T13:17:38","slug":"panama","status":"publish","type":"page","link":"https:\/\/singabiz.com\/de\/internationales-business\/panama\/","title":{"rendered":"Panama"},"content":{"rendered":"\n<p>Panama kann man als die Schweiz Lateinamerikas betrachten. Es ist eins der bestentwickelten L\u00e4nder der Region. Nicht umsonst haben viele Organisationen und bedeutende Firmen, wie z.B. das Parlament der lateinamerikanischen L\u00e4nder (Parlamento Latinoamericano), die gr\u00f6\u00dfte Bank Mittelamerikas Banistmo (seit 2006 Teil der HSBC-Gruppe), Forschungseinrichtungen und weitere wichtige Institutionen ihren regionalen Sitz in Panama.<\/p>\n\n\n\n<p>Auch wenn der Ruf des Landes nach dem Panama Papers Skandal immer noch nicht ganz optimal ist (trotz der Tatsache, dass dort lediglich die Anwaltskanzlei war, \u00fcber die juristische Aspekte geregelt wurden. Die realen Gesch\u00e4fte wurden \u00fcber karibische und sonstige Steuerparadiese abgewickelt), kann man Panama sehr vorteilhaft f\u00fcr die Ansiedlung des regionalen Headquarters f\u00fcr Gesch\u00e4fte innerhalb von Lateinamerika nutzen. Die Firmengr\u00fcndung verl\u00e4uft extrem einfach und schnell.<\/p>\n\n\n\n<p>Die Stabilit\u00e4t und starke wirtschaftliche Entwicklung des Landes in der Region verleihen Panama eine starke Anziehungskraft. Verbunden mit vergleichsweise niedrigen Lohnkosten, guter Infrastruktur und moderaten Steuers\u00e4tzen bietet Panama eine perfekte Ausgangslage f\u00fcr erfolgreiche Gesch\u00e4fte. Panama hat \u00fcbrigens Territorialbesteuerung. Das bedeutet, dass nur Gewinne, die direkt in Panama erzielt werden, auch besteuert werden. Gewinne von au\u00dferhalb Panamas (zum Beispiel, aus anderen L\u00e4ndern Lateinamerikas oder sonstigen L\u00e4ndern weltweit) sind in Panama steuerfrei. Singabiz arbeitet mit einem starken lokalen Partner zusammen, der eine jahrzehntelange Erfahrung im Bereich Firmengr\u00fcndungen, Stiftungen und Investments in dem Land hat. Somit wird sichergestellt, dass unsere Kunden auch in Panama einen Service auf Topniveau erhalten.<\/p>\n\n\n\n<p>Unten k\u00f6nnen Sie das Interview mit unserem Partner in Panama sehen (in Englisch). Gerne beraten wir Sie zu diversen Themen rund um Panama. Sie k\u00f6nnen aber auch direkt Kontakt zu unserem Partner aufnehmen. Vergessen Sie dabei nicht, das Stichwort &#8222;<strong>Singabiz<\/strong>&#8220; zu erw\u00e4hnen, um von <strong>Sonderkonditionen exklusiv f\u00fcr unsere Kunden<\/strong> zu profitieren. <\/p>\n\n\n\n<figure class=\"wp-block-embed is-type-video is-provider-youtube wp-block-embed-youtube wp-embed-aspect-16-9 wp-has-aspect-ratio\"><div class=\"wp-block-embed__wrapper\">\n<iframe loading=\"lazy\" title=\"Why should you consider Panama? #PanamaResidency\" width=\"900\" height=\"506\" src=\"https:\/\/www.youtube.com\/embed\/zXskoCIJQC0?feature=oembed\" frameborder=\"0\" allow=\"accelerometer; autoplay; clipboard-write; encrypted-media; gyroscope; picture-in-picture; web-share\" referrerpolicy=\"strict-origin-when-cross-origin\" allowfullscreen><\/iframe>\n<\/div><\/figure>\n","protected":false},"excerpt":{"rendered":"<p>Panama kann man als die Schweiz Lateinamerikas betrachten. Es ist eins der bestentwickelten L\u00e4nder der Region. Nicht umsonst haben viele Organisationen und bedeutende Firmen, wie z.B. das Parlament der lateinamerikanischen L\u00e4nder (Parlamento Latinoamericano), die gr\u00f6\u00dfte Bank Mittelamerikas Banistmo (seit 2006 Teil der HSBC-Gruppe), Forschungseinrichtungen und weitere wichtige Institutionen ihren regionalen<\/p>\n","protected":false},"author":1,"featured_media":0,"parent":33,"menu_order":100,"comment_status":"closed","ping_status":"closed","template":"","meta":{"footnotes":""},"class_list":["post-43","page","type-page","status-publish","hentry"],"_links":{"self":[{"href":"https:\/\/singabiz.com\/de\/wp-json\/wp\/v2\/pages\/43","targetHints":{"allow":["GET"]}}],"collection":[{"href":"https:\/\/singabiz.com\/de\/wp-json\/wp\/v2\/pages"}],"about":[{"href":"https:\/\/singabiz.com\/de\/wp-json\/wp\/v2\/types\/page"}],"author":[{"embeddable":true,"href":"https:\/\/singabiz.com\/de\/wp-json\/wp\/v2\/users\/1"}],"replies":[{"embeddable":true,"href":"https:\/\/singabiz.com\/de\/wp-json\/wp\/v2\/comments?post=43"}],"version-history":[{"count":3,"href":"https:\/\/singabiz.com\/de\/wp-json\/wp\/v2\/pages\/43\/revisions"}],"predecessor-version":[{"id":177,"href":"https:\/\/singabiz.com\/de\/wp-json\/wp\/v2\/pages\/43\/revisions\/177"}],"up":[{"embeddable":true,"href":"https:\/\/singabiz.com\/de\/wp-json\/wp\/v2\/pages\/33"}],"wp:attachment":[{"href":"https:\/\/singabiz.com\/de\/wp-json\/wp\/v2\/media?parent=43"}],"curies":[{"name":"wp","href":"https:\/\/api.w.org\/{rel}","templated":true}]}}