{"id":45,"date":"2022-09-15T21:41:35","date_gmt":"2022-09-15T19:41:35","guid":{"rendered":"https:\/\/singabiz.com\/de\/?page_id=45"},"modified":"2022-09-15T21:44:02","modified_gmt":"2022-09-15T19:44:02","slug":"vae","status":"publish","type":"page","link":"https:\/\/singabiz.com\/de\/internationales-business\/vae\/","title":{"rendered":"VAE"},"content":{"rendered":"\n<p>F\u00fcr diejenigen, die ihr Business weder nach Asien noch nach Amerika bringen m\u00f6chten, sondern bevorzugen in \u00e4hnlichen Zeitzonen wie Europa zu expandieren, das Unternehmen aber gleichzeitig auch nach au\u00dferhalb der EU zu f\u00fchren, bieten sich unter anderem die Freihandelszonen der Vereinigten Arabischen Emirate an.<\/p>\n\n\n\n<p>Geografisch gesehen ist der Standort UAE sehr g\u00fcnstig gelegen: innerhalb von 6-8 Stunden Flugzeit erreicht man sowohl Mitteleuropa als auch Osteuropa und wichtige Wirtschaftsknotenpunkte in Asien (z.B. Singapur). Die UAE befinden sich mitten in der arabischen Welt und haben dort einen sehr guten Ruf, was auch Gesch\u00e4fte von UAE aus in die gesamten arabischen L\u00e4nder der Region vereinfacht.<\/p>\n\n\n\n<p>Extrem g\u00fcnstige wirtschaftliche Bedingungen vor Ort in den Freihandelszonen machen den Standort zu einer bevorzugten Wahl, insbesondere f\u00fcr standortunabh\u00e4ngige Unternehmen, Digitalnomaden, Freiberufler usw.<\/p>\n\n\n\n<p>Dubai ist ein sehr weltoffenes Emirat mit einer perfekt entwickelten Infrastruktur und hohen Lebensstandards, erstklassigen Medizinversorgung und vielen internationalen Schulen. Nat\u00fcrlich ist das hei\u00dfe W\u00fcstenklima nicht jedermanns Sache. Auf der anderen Seite muss man den pers\u00f6nlichen Lebensmittelpunkt nicht unbedingt in die UAE verlagern, wenn man sein Gesch\u00e4ft oder eine Niederlassung dessen dort gr\u00fcndet. Von den Standortvorteilen kann das Unternehmen trotzdem profitieren. Singabiz hat eine gut funktionierende Partnerschaft mit einigen Freihandelszonen in den UAE und kann bei Interesse bez\u00fcglich der Expansion in die UAE ebenfalls beraten. Eine entsprechende Gr\u00fcndung \u00fcber unsere lokalen Partner kostet bereits ab ca. 4500 Euro und somit sehr wettbewerbsf\u00e4hig.<\/p>\n","protected":false},"excerpt":{"rendered":"<p>F\u00fcr diejenigen, die ihr Business weder nach Asien noch nach Amerika bringen m\u00f6chten, sondern bevorzugen in \u00e4hnlichen Zeitzonen wie Europa zu expandieren, das Unternehmen aber gleichzeitig auch nach au\u00dferhalb der EU zu f\u00fchren, bieten sich unter anderem die Freihandelszonen der Vereinigten Arabischen Emirate an. Geografisch gesehen ist der Standort UAE<\/p>\n","protected":false},"author":1,"featured_media":0,"parent":33,"menu_order":110,"comment_status":"closed","ping_status":"closed","template":"","meta":{"footnotes":""},"class_list":["post-45","page","type-page","status-publish","hentry"],"_links":{"self":[{"href":"https:\/\/singabiz.com\/de\/wp-json\/wp\/v2\/pages\/45","targetHints":{"allow":["GET"]}}],"collection":[{"href":"https:\/\/singabiz.com\/de\/wp-json\/wp\/v2\/pages"}],"about":[{"href":"https:\/\/singabiz.com\/de\/wp-json\/wp\/v2\/types\/page"}],"author":[{"embeddable":true,"href":"https:\/\/singabiz.com\/de\/wp-json\/wp\/v2\/users\/1"}],"replies":[{"embeddable":true,"href":"https:\/\/singabiz.com\/de\/wp-json\/wp\/v2\/comments?post=45"}],"version-history":[{"count":1,"href":"https:\/\/singabiz.com\/de\/wp-json\/wp\/v2\/pages\/45\/revisions"}],"predecessor-version":[{"id":46,"href":"https:\/\/singabiz.com\/de\/wp-json\/wp\/v2\/pages\/45\/revisions\/46"}],"up":[{"embeddable":true,"href":"https:\/\/singabiz.com\/de\/wp-json\/wp\/v2\/pages\/33"}],"wp:attachment":[{"href":"https:\/\/singabiz.com\/de\/wp-json\/wp\/v2\/media?parent=45"}],"curies":[{"name":"wp","href":"https:\/\/api.w.org\/{rel}","templated":true}]}}