{"id":47,"date":"2022-09-15T21:42:07","date_gmt":"2022-09-15T19:42:07","guid":{"rendered":"https:\/\/singabiz.com\/de\/?page_id=47"},"modified":"2022-09-15T21:44:10","modified_gmt":"2022-09-15T19:44:10","slug":"grossbritannien","status":"publish","type":"page","link":"https:\/\/singabiz.com\/de\/internationales-business\/grossbritannien\/","title":{"rendered":"Gro\u00dfbritannien"},"content":{"rendered":"\n<p>Nach dem Brexit sind die Gesch\u00e4ftsbeziehungen und viele entsprechende Prozesse zwischen den EU-Staaten und Gro\u00dfbritannien komplexer geworden. Dies ist allerdings kein Grund, Gro\u00dfbritannien nicht mehr als Land f\u00fcr seine eigene Internationalisierung oder eine Unternehmensgr\u00fcndung in Betracht zu ziehen. Die Vorteile liegen auf der Hand:<\/p>\n\n\n\n<ul class=\"wp-block-list\"><li>Direkt an den Grenzen zur EU<\/li><li>Immer noch sehr g\u00fcnstige Gr\u00fcndungs- und laufende Kosten<\/li><li>Gro\u00dfbritannien hat mittlerweile diverse bilaterale Vertr\u00e4ge abgeschlossen, die die internationalen Businessaktivit\u00e4ten attraktiv machen<\/li><li>Eine Firma in Gro\u00dfbritannien unterliegt nicht mehr der EU-Regulierung, kann sich ggf. freier und einfacher entfalten und ist trotzdem nur einen kurzen Flug von der EU entfernt<\/li><\/ul>\n\n\n\n<p>Die Standortvorteile von Gro\u00dfbritannien, abgesehen von der Marktabkoppelung von der EU, sind insgesamt dieselben geblieben und beinhalten unter anderem eine recht gute Lebensqualit\u00e4t, gutes und g\u00fcnstiges Gesundheitswesen, gute \u00f6ffentliche und private Schulen, sehr gut ausgebaute internationale Verbindungen (London Heathrow ist nach wie vor der gr\u00f6\u00dfte europ\u00e4ische Flughafen) und vieles andere mehr.<\/p>\n\n\n\n<p>Auch gesch\u00e4ftlich bietet Gro\u00dfbritannien etliche interessante Optionen als Firmenstandort an. Aus diesem Grund hat Singabiz die Verbindungen in dieses Land aufrechterhalten. Wir bieten unseren Kunden nach wie vor die M\u00f6glichkeit einer Firmengr\u00fcndung in Gro\u00dfbritannien in Form einer englischen Limited inklusive vollumf\u00e4ngliche Servicepakete an.<\/p>\n","protected":false},"excerpt":{"rendered":"<p>Nach dem Brexit sind die Gesch\u00e4ftsbeziehungen und viele entsprechende Prozesse zwischen den EU-Staaten und Gro\u00dfbritannien komplexer geworden. Dies ist allerdings kein Grund, Gro\u00dfbritannien nicht mehr als Land f\u00fcr seine eigene Internationalisierung oder eine Unternehmensgr\u00fcndung in Betracht zu ziehen. Die Vorteile liegen auf der Hand: Direkt an den Grenzen zur EU<\/p>\n","protected":false},"author":1,"featured_media":0,"parent":33,"menu_order":120,"comment_status":"closed","ping_status":"closed","template":"","meta":{"footnotes":""},"class_list":["post-47","page","type-page","status-publish","hentry"],"_links":{"self":[{"href":"https:\/\/singabiz.com\/de\/wp-json\/wp\/v2\/pages\/47","targetHints":{"allow":["GET"]}}],"collection":[{"href":"https:\/\/singabiz.com\/de\/wp-json\/wp\/v2\/pages"}],"about":[{"href":"https:\/\/singabiz.com\/de\/wp-json\/wp\/v2\/types\/page"}],"author":[{"embeddable":true,"href":"https:\/\/singabiz.com\/de\/wp-json\/wp\/v2\/users\/1"}],"replies":[{"embeddable":true,"href":"https:\/\/singabiz.com\/de\/wp-json\/wp\/v2\/comments?post=47"}],"version-history":[{"count":1,"href":"https:\/\/singabiz.com\/de\/wp-json\/wp\/v2\/pages\/47\/revisions"}],"predecessor-version":[{"id":48,"href":"https:\/\/singabiz.com\/de\/wp-json\/wp\/v2\/pages\/47\/revisions\/48"}],"up":[{"embeddable":true,"href":"https:\/\/singabiz.com\/de\/wp-json\/wp\/v2\/pages\/33"}],"wp:attachment":[{"href":"https:\/\/singabiz.com\/de\/wp-json\/wp\/v2\/media?parent=47"}],"curies":[{"name":"wp","href":"https:\/\/api.w.org\/{rel}","templated":true}]}}