{"id":49,"date":"2022-09-15T21:42:37","date_gmt":"2022-09-15T19:42:37","guid":{"rendered":"https:\/\/singabiz.com\/de\/?page_id=49"},"modified":"2022-09-15T21:44:19","modified_gmt":"2022-09-15T19:44:19","slug":"irland","status":"publish","type":"page","link":"https:\/\/singabiz.com\/de\/internationales-business\/irland\/","title":{"rendered":"Irland"},"content":{"rendered":"\n<p>Nach dem Brexit ist Irland zu einer der interessantesten Gr\u00fcndungsm\u00f6glichkeiten innerhalb der EU geworden. Auch fr\u00fcher war Irland stark im Fokus von Gr\u00fcndern und Startups, als auch von gr\u00f6\u00dferen Konzernen. In den letzten Jahren hat Irland allerdings seine Konditionen verbessert und die Gr\u00fcndungen selbst sind etwas g\u00fcnstiger geworden, w\u00e4hrend Setups, die fr\u00fcher intensiv von gr\u00f6\u00dferen Konzernen genutzt wurden, wie das ber\u00fchmte \u201eDutch-Irish Sandwitch\u201c, der Riegel vorgeschoben wurde.<\/p>\n\n\n\n<p>Wollen Gr\u00fcnder und Startups mit einer irischen Ltd. in der EU operieren und haben sie selbst auch einen EU-Wohnsitz, so \u00e4hnelt der Betrieb einer irischen Ltd. stark dem Betrieb der englischen Ltd., als Gro\u00dfbritannien noch Teil der EU war.<\/p>\n\n\n\n<p>Aber auch, wenn der Gr\u00fcnder au\u00dferhalb der EU wohnhaft ist, kann eine irische Ltd. gegr\u00fcndet werden. In diesem Fall wird die Zahlung eines sogenannten Security Bonds notwendig, um die irische Ltd. betreiben zu k\u00f6nnen. Die Kosten daf\u00fcr sind aber recht \u00fcberschaubar. Singabiz bietet den Kunden, die in Irland gr\u00fcnden m\u00f6chten, umfangreiche Serviceleistungen an, angefangen von der Gr\u00fcndung selbst, \u00fcber ein Registered Office, Company secretary und den laufenden Support bis hin zur Hilfe bei der Er\u00f6ffnung eines Bankkontos, der Verbindung zum Steuerberater und Buchhaltungsservices sowie der Suche nach lokalen Arbeitskr\u00e4ften.<\/p>\n","protected":false},"excerpt":{"rendered":"<p>Nach dem Brexit ist Irland zu einer der interessantesten Gr\u00fcndungsm\u00f6glichkeiten innerhalb der EU geworden. Auch fr\u00fcher war Irland stark im Fokus von Gr\u00fcndern und Startups, als auch von gr\u00f6\u00dferen Konzernen. In den letzten Jahren hat Irland allerdings seine Konditionen verbessert und die Gr\u00fcndungen selbst sind etwas g\u00fcnstiger geworden, w\u00e4hrend Setups,<\/p>\n","protected":false},"author":1,"featured_media":0,"parent":33,"menu_order":130,"comment_status":"closed","ping_status":"closed","template":"","meta":{"footnotes":""},"class_list":["post-49","page","type-page","status-publish","hentry"],"_links":{"self":[{"href":"https:\/\/singabiz.com\/de\/wp-json\/wp\/v2\/pages\/49","targetHints":{"allow":["GET"]}}],"collection":[{"href":"https:\/\/singabiz.com\/de\/wp-json\/wp\/v2\/pages"}],"about":[{"href":"https:\/\/singabiz.com\/de\/wp-json\/wp\/v2\/types\/page"}],"author":[{"embeddable":true,"href":"https:\/\/singabiz.com\/de\/wp-json\/wp\/v2\/users\/1"}],"replies":[{"embeddable":true,"href":"https:\/\/singabiz.com\/de\/wp-json\/wp\/v2\/comments?post=49"}],"version-history":[{"count":1,"href":"https:\/\/singabiz.com\/de\/wp-json\/wp\/v2\/pages\/49\/revisions"}],"predecessor-version":[{"id":50,"href":"https:\/\/singabiz.com\/de\/wp-json\/wp\/v2\/pages\/49\/revisions\/50"}],"up":[{"embeddable":true,"href":"https:\/\/singabiz.com\/de\/wp-json\/wp\/v2\/pages\/33"}],"wp:attachment":[{"href":"https:\/\/singabiz.com\/de\/wp-json\/wp\/v2\/media?parent=49"}],"curies":[{"name":"wp","href":"https:\/\/api.w.org\/{rel}","templated":true}]}}