{"id":51,"date":"2022-09-15T21:43:06","date_gmt":"2022-09-15T19:43:06","guid":{"rendered":"https:\/\/singabiz.com\/de\/?page_id=51"},"modified":"2022-09-15T21:43:06","modified_gmt":"2022-09-15T19:43:06","slug":"usa","status":"publish","type":"page","link":"https:\/\/singabiz.com\/de\/internationales-business\/usa\/","title":{"rendered":"USA"},"content":{"rendered":"\n<p>Ob Sie Ihr Dropshipping-Gesch\u00e4ft auf den amerikanischen Kontinent erweitern m\u00f6chten oder von g\u00fcnstigen Gesch\u00e4ftsbedingungen in den USA profitieren \u2013 es gibt hunderte verschiedene Gr\u00fcnde, warum man eine Firma in den Staaten gr\u00fcndet.<\/p>\n\n\n\n<p>Selbstverst\u00e4ndlich sollte man dabei auch auf entsprechende Formalit\u00e4ten sowohl im eigenen Land als auch in den USA strikt achten. Fettn\u00e4pfchen lauern \u00fcberall, sind aber mit einer entsprechenden professionellen Hilfe schnell ausgeb\u00fcgelt oder kommen erst gar nicht vor.<\/p>\n\n\n\n<p>Gleichzeitig \u00f6ffnet eine LLC-Gr\u00fcndung in den USA neue M\u00f6glichkeiten und Horizonte, egal ob es dabei um ein Startup-Unternehmen, einen Auswanderer, Digitalen Nomaden oder Gr\u00fcnder geht.<\/p>\n\n\n\n<p>Au\u00dferdem kann man durch die eigene Firma vor Ort auch auf diverse Angebote zugreifen, die so nur in den USA, nicht aber in Deutschland oder Europa gibt.<\/p>\n\n\n\n<p>Dank unseren Kooperationen innerhalb von Singabiz Network k\u00f6nnen Sie \u00fcber uns sowohl Firmengr\u00fcndungen (LLC) in den USA und die Beratung hierzu als auch die entsprechende laufende Betreuung auf dem h\u00f6chsten Niveau genie\u00dfen. Sprechen Sie uns gerne an.<\/p>\n","protected":false},"excerpt":{"rendered":"<p>Ob Sie Ihr Dropshipping-Gesch\u00e4ft auf den amerikanischen Kontinent erweitern m\u00f6chten oder von g\u00fcnstigen Gesch\u00e4ftsbedingungen in den USA profitieren \u2013 es gibt hunderte verschiedene Gr\u00fcnde, warum man eine Firma in den Staaten gr\u00fcndet. Selbstverst\u00e4ndlich sollte man dabei auch auf entsprechende Formalit\u00e4ten sowohl im eigenen Land als auch in den USA strikt<\/p>\n","protected":false},"author":1,"featured_media":0,"parent":33,"menu_order":140,"comment_status":"closed","ping_status":"closed","template":"","meta":{"footnotes":""},"class_list":["post-51","page","type-page","status-publish","hentry"],"_links":{"self":[{"href":"https:\/\/singabiz.com\/de\/wp-json\/wp\/v2\/pages\/51","targetHints":{"allow":["GET"]}}],"collection":[{"href":"https:\/\/singabiz.com\/de\/wp-json\/wp\/v2\/pages"}],"about":[{"href":"https:\/\/singabiz.com\/de\/wp-json\/wp\/v2\/types\/page"}],"author":[{"embeddable":true,"href":"https:\/\/singabiz.com\/de\/wp-json\/wp\/v2\/users\/1"}],"replies":[{"embeddable":true,"href":"https:\/\/singabiz.com\/de\/wp-json\/wp\/v2\/comments?post=51"}],"version-history":[{"count":1,"href":"https:\/\/singabiz.com\/de\/wp-json\/wp\/v2\/pages\/51\/revisions"}],"predecessor-version":[{"id":52,"href":"https:\/\/singabiz.com\/de\/wp-json\/wp\/v2\/pages\/51\/revisions\/52"}],"up":[{"embeddable":true,"href":"https:\/\/singabiz.com\/de\/wp-json\/wp\/v2\/pages\/33"}],"wp:attachment":[{"href":"https:\/\/singabiz.com\/de\/wp-json\/wp\/v2\/media?parent=51"}],"curies":[{"name":"wp","href":"https:\/\/api.w.org\/{rel}","templated":true}]}}