{"id":53,"date":"2022-09-15T21:45:19","date_gmt":"2022-09-15T19:45:19","guid":{"rendered":"https:\/\/singabiz.com\/de\/?page_id=53"},"modified":"2024-01-25T14:20:54","modified_gmt":"2024-01-25T13:20:54","slug":"internationale-reisen","status":"publish","type":"page","link":"https:\/\/singabiz.com\/de\/internationale-reisen\/","title":{"rendered":"Internationale Reisen"},"content":{"rendered":"\n<p>Egal, ob beruflich, gesch\u00e4ftlich oder privat \u2013 Reisen kostet Geld. Bei einer richtigen Gestaltung kann man dabei aber auch enorm viel einsparen, wobei kein Verzicht auf Premiumklassen notwendig ist. Mit anderen Worten: Sie reisen weiterhin in der Premium Economy, Business oder sogar First, Ihre Ausgaben halten sich aber absolut in Grenzen.<\/p>\n\n\n\n<p>Wie das m\u00f6glich ist, zeigen wir gerne im Rahmen unserer Beratung zu Reiseoptimierung. Sie haben es richtig gelesen: Reiseoptimierung. Denn die klassische Reisekostenberatung zielt meist auf das Kostensparen ab, dass oft dadurch erzielt wird, dass man den Mitarbeitern verbietet, h\u00f6herwertige Reiseprodukte (wie Business Class) zu nutzen, oder diese dazu zwingt, weniger bis gar nicht mehr zu reisen. Zur Mitarbeiterzufriedenheit oder gar -motivation tr\u00e4gt solche Herangehensweise nicht wirklich bei.<\/p>\n\n\n\n<p>Auch im pers\u00f6nlichen Bereich (sei es, als Unternehmer oder Privatperson) kann man M\u00f6glichkeiten finden, vorne im Flieger zu sitzen und in den Hotelsuiten mit Halbpension zu \u00fcbernachten, ohne daf\u00fcr wirklich mehr zahlen zu m\u00fcssen als f\u00fcr das g\u00fcnstigste Standardzimmer. Mit verbreitetem Irrglauben, wie etwa \u201ebeim Check-in im Anzug zu sein, nett l\u00e4cheln und schon landet man in der Business Class\u201c, hat dies allerdings nichts zu tun. Denn solche Ratschl\u00e4ge sind eher irref\u00fchrend und aus dem Bereich der Kinderm\u00e4rchen.<\/p>\n\n\n\n<p>W\u00e4hrend unserer Reiseberatung durchleuchten wir eingehend Ihre aktuellen Reisegewohnheiten, -ziele und genutzte bzw. bevorzugte Fluggesellschaften und Hotelketten und erarbeiten mit Ihnen gemeinsam eine f\u00fcr Sie am besten passende Strategie ihrer k\u00fcnftigen Reisen und zeigen das damit verbundene Sparpotential, das erreicht werden kann, wenn alle Komponenten optimal genutzt werden.<\/p>\n","protected":false},"excerpt":{"rendered":"<p>Egal, ob beruflich, gesch\u00e4ftlich oder privat \u2013 Reisen kostet Geld. Bei einer richtigen Gestaltung kann man dabei aber auch enorm viel einsparen, wobei kein Verzicht auf Premiumklassen notwendig ist. Mit anderen Worten: Sie reisen weiterhin in der Premium Economy, Business oder sogar First, Ihre Ausgaben halten sich aber absolut in<\/p>\n","protected":false},"author":1,"featured_media":0,"parent":0,"menu_order":180,"comment_status":"closed","ping_status":"closed","template":"","meta":{"footnotes":""},"class_list":["post-53","page","type-page","status-publish","hentry"],"_links":{"self":[{"href":"https:\/\/singabiz.com\/de\/wp-json\/wp\/v2\/pages\/53","targetHints":{"allow":["GET"]}}],"collection":[{"href":"https:\/\/singabiz.com\/de\/wp-json\/wp\/v2\/pages"}],"about":[{"href":"https:\/\/singabiz.com\/de\/wp-json\/wp\/v2\/types\/page"}],"author":[{"embeddable":true,"href":"https:\/\/singabiz.com\/de\/wp-json\/wp\/v2\/users\/1"}],"replies":[{"embeddable":true,"href":"https:\/\/singabiz.com\/de\/wp-json\/wp\/v2\/comments?post=53"}],"version-history":[{"count":1,"href":"https:\/\/singabiz.com\/de\/wp-json\/wp\/v2\/pages\/53\/revisions"}],"predecessor-version":[{"id":54,"href":"https:\/\/singabiz.com\/de\/wp-json\/wp\/v2\/pages\/53\/revisions\/54"}],"wp:attachment":[{"href":"https:\/\/singabiz.com\/de\/wp-json\/wp\/v2\/media?parent=53"}],"curies":[{"name":"wp","href":"https:\/\/api.w.org\/{rel}","templated":true}]}}