{"id":55,"date":"2022-09-15T21:45:48","date_gmt":"2022-09-15T19:45:48","guid":{"rendered":"https:\/\/singabiz.com\/de\/?page_id=55"},"modified":"2025-07-15T20:14:20","modified_gmt":"2025-07-15T18:14:20","slug":"internationales-leben","status":"publish","type":"page","link":"https:\/\/singabiz.com\/de\/internationales-leben\/","title":{"rendered":"Internationaler Wohnsitz"},"content":{"rendered":"\n<p>Nicht nur gesch\u00e4ftlich, sondern auch privat m\u00f6chte man sich manchmal international entwickeln und das eigene Land f\u00fcr eine begrenzte oder unbegrenzte Zeit verlassen. Gr\u00fcnde daf\u00fcr gibt es \u201een masse\u201c: andere Mentalit\u00e4t, die einem n\u00e4her liegt, ein besseres Klima, bessere Lebensbedingungen oder die Lebensqualit\u00e4t, um nur einige davon zu nennen. Hierzu gibt es diverse M\u00f6glichkeiten vom klassischen Expatleben f\u00fcr ein paar Jahre \u00fcber einen kompletten und dauerhaften Umzug in ein anderes Land (Goldene Visa, st\u00e4ndiger Wohnsitz, Wohnsitzverlagerung usw.) bis hin zum digitalen Nomaden, der nirgends auf der Welt tats\u00e4chlich angemeldet ist und diverse L\u00e4nder nach Lust und Laune bereist (ohne Verzicht auf eine anst\u00e4ndige Krankenversicherung mit der weltweiten Deckung, unabh\u00e4ngig von der Reisedauer).<\/p>\n\n\n\n<p>Dank der guten Vernetzung mit Partnern innerhalb von Singabiz\u00ae Network k\u00f6nnen wir unseren Kunden auch Beratungen zu diesem Thema anbieten. Eine anschlie\u00dfende Verbindung zu den f\u00fcr das ausgew\u00e4hlte Land zust\u00e4ndigen Kanzleien ist eine Selbstverst\u00e4ndlichkeit.<\/p>\n\n\n\n<p>Aktuell bieten wir Beratungen und weitere Services f\u00fcr folgende Ziell\u00e4nder an (alphabetisch):<\/p>\n\n\n\n<ul class=\"wp-block-list\">\n<li>Argentinien<\/li>\n\n\n\n<li>Brasilien<\/li>\n\n\n\n<li>Bulgarien<\/li>\n\n\n\n<li>Chile<\/li>\n\n\n\n<li>Deutschland<\/li>\n\n\n\n<li>Dominikanische Republik<\/li>\n\n\n\n<li><a href=\"https:\/\/singabiz.com\/blog\/malaysia-business\/\" target=\"_blank\" rel=\"noreferrer noopener\">Malaysia<\/a><\/li>\n\n\n\n<li><a href=\"https:\/\/singabiz.com\/blog\/cbi-nauru-vanuatu\/\" target=\"_blank\" rel=\"noreferrer noopener\">Nauru<\/a><\/li>\n\n\n\n<li>Panama<\/li>\n\n\n\n<li>Paraguay<\/li>\n\n\n\n<li><a href=\"https:\/\/singabiz.com\/blog\/ph-residency-2\/\" target=\"_blank\" rel=\"noreferrer noopener\">Philippinen<\/a><\/li>\n\n\n\n<li>Portugal<\/li>\n\n\n\n<li>Rum\u00e4nien<\/li>\n\n\n\n<li>Singapur<\/li>\n\n\n\n<li>Thailand<\/li>\n\n\n\n<li>Uruguay<\/li>\n\n\n\n<li><a href=\"https:\/\/singabiz.com\/blog\/cbi-nauru-vanuatu\/\" target=\"_blank\" rel=\"noreferrer noopener\">Vanuatu<\/a><\/li>\n\n\n\n<li>Vereinigte Arabische Emirate<\/li>\n<\/ul>\n","protected":false},"excerpt":{"rendered":"<p>Nicht nur gesch\u00e4ftlich, sondern auch privat m\u00f6chte man sich manchmal international entwickeln und das eigene Land f\u00fcr eine begrenzte oder unbegrenzte Zeit verlassen. Gr\u00fcnde daf\u00fcr gibt es \u201een masse\u201c: andere Mentalit\u00e4t, die einem n\u00e4her liegt, ein besseres Klima, bessere Lebensbedingungen oder die Lebensqualit\u00e4t, um nur einige davon zu nennen. Hierzu<\/p>\n","protected":false},"author":1,"featured_media":0,"parent":0,"menu_order":200,"comment_status":"closed","ping_status":"closed","template":"","meta":{"footnotes":""},"class_list":["post-55","page","type-page","status-publish","hentry"],"_links":{"self":[{"href":"https:\/\/singabiz.com\/de\/wp-json\/wp\/v2\/pages\/55","targetHints":{"allow":["GET"]}}],"collection":[{"href":"https:\/\/singabiz.com\/de\/wp-json\/wp\/v2\/pages"}],"about":[{"href":"https:\/\/singabiz.com\/de\/wp-json\/wp\/v2\/types\/page"}],"author":[{"embeddable":true,"href":"https:\/\/singabiz.com\/de\/wp-json\/wp\/v2\/users\/1"}],"replies":[{"embeddable":true,"href":"https:\/\/singabiz.com\/de\/wp-json\/wp\/v2\/comments?post=55"}],"version-history":[{"count":7,"href":"https:\/\/singabiz.com\/de\/wp-json\/wp\/v2\/pages\/55\/revisions"}],"predecessor-version":[{"id":223,"href":"https:\/\/singabiz.com\/de\/wp-json\/wp\/v2\/pages\/55\/revisions\/223"}],"wp:attachment":[{"href":"https:\/\/singabiz.com\/de\/wp-json\/wp\/v2\/media?parent=55"}],"curies":[{"name":"wp","href":"https:\/\/api.w.org\/{rel}","templated":true}]}}