{"id":59,"date":"2022-09-15T21:47:20","date_gmt":"2022-09-15T19:47:20","guid":{"rendered":"https:\/\/singabiz.com\/de\/?page_id=59"},"modified":"2025-02-02T21:36:12","modified_gmt":"2025-02-02T20:36:12","slug":"kontakt","status":"publish","type":"page","link":"https:\/\/singabiz.com\/de\/kontakt\/","title":{"rendered":"Kontakt"},"content":{"rendered":"\n<p>Wenn Sie neu gr\u00fcnden oder eine freiberufliche T\u00e4tigkeit anstreben, Ihr Unternehmen ins Ausland erweitern, Ihre Arbeitsabl\u00e4ufe oder Reisekosten optimieren, ihr pers\u00f6nliches oder unternehmerisches Verm\u00f6gen sch\u00fctzen, einen zweiten (dritten, &#8230;) Wohnsitz im Ausland mit Permanent Residency oder auch mit der zweiten (dritten,&#8230;) Staatsangeh\u00f6rigkeit aufsetzen m\u00f6chten und Interesse an unseren Dienstleistungen haben, schreiben bitte an <a href=\"mailto:info@singabiz.com\">info [at] singabiz.com<\/a><\/p>\n\n\n\n<p>Sie k\u00f6nnen ebenfalls eins unserer Beratungspakete buchen:<\/p>\n\n\n\n<p>&#8211; max. 15 Min. &#8211; <a href=\"https:\/\/calendly.com\/singabiz-info\/quick-consultation-free-of-charge\">kostenfrei<\/a><br>&#8211; max. 30 Min. &#8211; <a href=\"https:\/\/calendly.com\/singabiz-info\/first-consultation\">150 Euro<\/a><br>&#8211; max. 90 Min. &#8211; <a href=\"https:\/\/calendly.com\/singabiz-info\/appointment-with-singabiz-clone-1\">399 Euro<\/a><\/p>\n\n\n\n<p>Derzeit bieten wir unseren Service in folgenden Sprachen an: <br>&#8211; Deutsch<br>&#8211; Englisch<br>&#8211; Franz\u00f6sisch<br>&#8211; Polnisch<br>&#8211; Portugisisch<br>&#8211; Russisch<br>&#8211; Spanisch<br>&#8211; T\u00fcrkisch<br>&#8211; Ukrainisch<\/p>\n\n\n\n<p>Sollten Sie als Steuerberater, Anwaltskanzlei, Notar, Wirtschaftspr\u00fcfungsgesellschaft, Unternehmensberatung, Bank u.\u00e4. an Kooperation mit uns interessiert sein, so schreiben Sie bitte an <a href=\"mailto:partner@singabiz.com\">partner [at] singabiz.com<\/a><\/p>\n\n\n\n<p>F\u00fcr Presseanfragen nutzen Sie bitte die Adresse <a href=\"mailto:presse@singabiz.com\">presse [at] singabiz.com<\/a><\/p>\n\n\n\n<p>Bestehende Kunden haben Kontaktdaten des f\u00fcr sie zust\u00e4ndigen Mitarbeiters, den sie direkt kontaktieren k\u00f6nnen.<\/p>\n","protected":false},"excerpt":{"rendered":"<p>Wenn Sie neu gr\u00fcnden oder eine freiberufliche T\u00e4tigkeit anstreben, Ihr Unternehmen ins Ausland erweitern, Ihre Arbeitsabl\u00e4ufe oder Reisekosten optimieren, ihr pers\u00f6nliches oder unternehmerisches Verm\u00f6gen sch\u00fctzen, einen zweiten (dritten, &#8230;) Wohnsitz im Ausland mit Permanent Residency oder auch mit der zweiten (dritten,&#8230;) Staatsangeh\u00f6rigkeit aufsetzen m\u00f6chten und Interesse an unseren Dienstleistungen haben,<\/p>\n","protected":false},"author":1,"featured_media":0,"parent":0,"menu_order":210,"comment_status":"closed","ping_status":"closed","template":"","meta":{"footnotes":""},"class_list":["post-59","page","type-page","status-publish","hentry"],"_links":{"self":[{"href":"https:\/\/singabiz.com\/de\/wp-json\/wp\/v2\/pages\/59","targetHints":{"allow":["GET"]}}],"collection":[{"href":"https:\/\/singabiz.com\/de\/wp-json\/wp\/v2\/pages"}],"about":[{"href":"https:\/\/singabiz.com\/de\/wp-json\/wp\/v2\/types\/page"}],"author":[{"embeddable":true,"href":"https:\/\/singabiz.com\/de\/wp-json\/wp\/v2\/users\/1"}],"replies":[{"embeddable":true,"href":"https:\/\/singabiz.com\/de\/wp-json\/wp\/v2\/comments?post=59"}],"version-history":[{"count":5,"href":"https:\/\/singabiz.com\/de\/wp-json\/wp\/v2\/pages\/59\/revisions"}],"predecessor-version":[{"id":196,"href":"https:\/\/singabiz.com\/de\/wp-json\/wp\/v2\/pages\/59\/revisions\/196"}],"wp:attachment":[{"href":"https:\/\/singabiz.com\/de\/wp-json\/wp\/v2\/media?parent=59"}],"curies":[{"name":"wp","href":"https:\/\/api.w.org\/{rel}","templated":true}]}}