{"id":61,"date":"2022-09-15T21:48:12","date_gmt":"2022-09-15T19:48:12","guid":{"rendered":"https:\/\/singabiz.com\/de\/?page_id=61"},"modified":"2025-10-03T21:18:56","modified_gmt":"2025-10-03T19:18:56","slug":"agb","status":"publish","type":"page","link":"https:\/\/singabiz.com\/de\/agb\/","title":{"rendered":"AGB"},"content":{"rendered":"\n<p>Allgemeine Gesch\u00e4ftsbedingungen von Singabiz\u00ae Ltd. und Singabiz\u00ae Network<\/p>\n\n\n\n<h2 class=\"wp-block-heading\"><a>I.\u00a0\u00a0\u00a0\u00a0\u00a0\u00a0\u00a0\u00a0\u00a0\u00a0\u00a0\u00a0\u00a0\u00a0\u00a0\u00a0\u00a0\u00a0\u00a0 Pr\u00e4ambel<\/a><\/h2>\n\n\n\n<p>Die vorliegenden Allgemeinen Gesch\u00e4ftsbedingungen regeln Gesch\u00e4ftsbeziehungen zwischen Singabiz\u00ae Ltd. und Partnern von Singabiz\u00ae Network einerseits und Kunden von Singabiz\u00ae Ltd. und von Partnern von Singabiz\u00ae Network andererseits.<\/p>\n\n\n\n<h3 class=\"wp-block-heading\"><a>1.&nbsp;&nbsp;&nbsp;&nbsp;&nbsp; Begriffe<\/a><\/h3>\n\n\n\n<p>\u201eSingabiz\u00ae Ltd.\u201c \u2013 Singabiz\u00ae Ltd. mit operativem Sitz in Zugerstr. 32, 6340 Barr, Schweiz, Handelsregister Zug, CHE-466.331.458, deren offizielle und autorisierte Vertreter, Niederlassungen, Offices und sonstige offizielle Vertretungen;<\/p>\n\n\n\n<p>\u201ePartner von Singabiz\u00ae Network\u201c \u2013 jedweder Partner, der ins Netzwerk von Singabiz\u00ae Network als solcher aufgenommen wurde;<\/p>\n\n\n\n<p>\u201eKunde\u201c \u2013 ein Unternehmen, eine Firma, eine Einzelperson oder eine Gruppe von Personen, die einer gesch\u00e4ftlichen T\u00e4tigkeit nachgehen oder nachgehen wollen und hierzu eine Beratung oder sonstige Dienstleistungen von Singabiz\u00ae Ltd. bzw. von Partnern von Singabiz\u00ae Network beanspruchen.<\/p>\n\n\n\n<h3 class=\"wp-block-heading\"><a>2.&nbsp;&nbsp;&nbsp;&nbsp;&nbsp; Singabiz\u00ae und Singabiz\u00ae Network<\/a><\/h3>\n\n\n\n<p>Um Kunden noch besser und umfangreicher bedienen zu k\u00f6nnen, hat Singabiz\u00ae das Singabiz\u00ae Network ins Leben gerufen. Durch den Zusammenschluss diverser Dienstleistungs- und Beratungsanbieter erhalten die Kunden die M\u00f6glichkeit, die meisten erwarteten Dienstleistungen und Beratungen aus einer Hand zu beziehen.<\/p>\n\n\n\n<h2 class=\"wp-block-heading\"><a>II.&nbsp;&nbsp;&nbsp;&nbsp;&nbsp;&nbsp;&nbsp;&nbsp;&nbsp;&nbsp;&nbsp;&nbsp;&nbsp;&nbsp;&nbsp;&nbsp;&nbsp; Angebotene Services<\/a><\/h2>\n\n\n\n<p>Singabiz\u00ae Ltd. und Partner von Singabiz\u00ae Network bieten verschiedene Services in vier Gesch\u00e4ftssparten an: 1) <strong>Firmengr\u00fcndungen<\/strong>, Gr\u00fcndungsberatung, Finanzierung, steuerliche Aspekte und weitere Bereiche, die unmittelbar oder mittelbar im Zusammenhang mit der Gr\u00fcndung, dem Aufbau, der Erweiterung, Expansion, Internationalisierung, Optimierung der Gesch\u00e4ftst\u00e4tigkeit eines Unternehmens oder Selbst\u00e4ndigen sind; 2) Wohnsitze und Staatsangeh\u00f6rigkeiten; 3) Verm\u00f6gensschutz; 4) Optimierung der Reiseerfahrung.<\/p>\n\n\n\n<p><a>F\u00fcr Services, die eine entsprechende Zulassung ben\u00f6tigen, arbeitet Singabiz\u00ae Network mit entsprechend zugelassenen Vertretern der jeweiligen Berufe zusammen.<\/a><\/p>\n\n\n\n<p>Ferner bieten Singabiz\u00ae Ltd. und Partner von Singabiz\u00ae Network Leistungen rund um administrative Betreuung der Kunden, wie z.B., B\u00fcror\u00e4umlichkeiten, Organisierung der gesch\u00e4ftlichen Abl\u00e4ufe, Sekretariatsservice, Postempfang und -bearbeitung und sonstige Aspekte der Arbeitsorganisation.<\/p>\n\n\n\n<p>Die unten erw\u00e4hnten Serviceleistungen werden nicht in allen L\u00e4ndern vollst\u00e4ndig angeboten.<\/p>\n\n\n\n<h3 class=\"wp-block-heading\"><a>1.&nbsp;&nbsp;&nbsp;&nbsp;&nbsp; Einmalige und wiederkehrende Serviceleistungen<\/a><\/h3>\n\n\n\n<p>Leistungen werden bedarfsm\u00e4\u00dfig entweder als einmalige Leistungen (z.B. Firmengr\u00fcndung oder einmalige Beratung) bzw. als wiederkehrende Leistungen (z.B. laufende steuerliche Betreuung, autorisierte Repr\u00e4sentanz usw.) erbracht.<\/p>\n\n\n\n<h3 class=\"wp-block-heading\"><a>2.&nbsp;&nbsp;&nbsp;&nbsp;&nbsp; Firmengr\u00fcndungen<\/a><\/h3>\n\n\n\n<p>Firmengr\u00fcndungen in den L\u00e4ndern, die von Singabiz\u00ae Ltd. und Partnern von Singabiz\u00ae Network angeboten werden, umfassen diverse Leistungen, die f\u00fcr die Gr\u00fcndung einer funktionierenden Firma in dem jeweiligen Land notwendig sind. Diese Leistungen variieren von Land zu Land und k\u00f6nnen den aktuell geltenden Angebotspr\u00e4sentationen und Preislisten entnommen werden.<\/p>\n\n\n\n<h3 class=\"wp-block-heading\"><a>3.&nbsp;&nbsp;&nbsp;&nbsp;&nbsp; Autorisierte Repr\u00e4sentanz, Interimsmanagement<\/a><\/h3>\n\n\n\n<p>II.4.1 Die Kunden von Singabiz\u00ae Ltd. und Singabiz\u00ae Network k\u00f6nnen eine autorisierte Repr\u00e4sentanz ihrer neugegr\u00fcndeten Firma durch Singabiz\u00ae Ltd. bzw. Partner von Singabiz\u00ae Network beauftragen. In diesem Fall wird die neue Firma in dem jeweiligen Land durch Vertreter von Singabiz\u00ae Ltd. bzw. von Partnern im Singabiz\u00ae Network gegen\u00fcber Beh\u00f6rden, potentiellen Partnern des jeweiligen Kunden und sonstigen Kontakten repr\u00e4sentiert.<\/p>\n\n\n\n<p>II.4.2 Wenn ein Kunde von Singabiz\u00ae Ltd. oder von einem Partner im Singabiz\u00ae Network noch keinen Managementposten in der neugegr\u00fcndeten Firma besetzt hat, so kann Singabiz\u00ae Ltd. bzw. ein Partner von Singabiz\u00ae Network das Management der neugegr\u00fcndeten Firma auf einer Interimsbasis \u00fcbernehmen.<\/p>\n\n\n\n<h3 class=\"wp-block-heading\"><a>4.&nbsp;&nbsp;&nbsp;&nbsp;&nbsp; Gesch\u00e4ftsadresse, B\u00fcror\u00e4ume, Verwaltung<\/a><\/h3>\n\n\n\n<p>Singabiz\u00ae Ltd. bzw. Partner von Singabiz\u00ae Network bieten ebenfalls Services rund um Gesch\u00e4ftsadressen, B\u00fcror\u00e4umlichkeiten bzw. Verwaltungsarbeiten f\u00fcr neugegr\u00fcndete Firmen sowie f\u00fcr bestehende Kunden an.<\/p>\n\n\n\n<h3 class=\"wp-block-heading\"><a>5.&nbsp;&nbsp;&nbsp;&nbsp;&nbsp; Financial Services<\/a><\/h3>\n\n\n\n<p>Innerhalb des Singabiz\u00ae Networks k\u00f6nnen Kunden diverse finanzielle Dienstleistungen erhalten, wie z.B., Buchhaltung, Steuerberatung, Erstellung und Einreichung der Jahresabschl\u00fcsse, \u00dcberpr\u00fcfung der Steuerbescheinigungen, Finanzierungsm\u00f6glichkeiten, F\u00f6rderm\u00f6glichkeiten und sonstige Serviceleistungen.<\/p>\n\n\n\n<h3 class=\"wp-block-heading\"><a>6.&nbsp;&nbsp;&nbsp;&nbsp;&nbsp; Corporate Design und andere Design-Services<\/a><\/h3>\n\n\n\n<p>Singabiz\u00ae Ltd. bietet Serviceleistungen rund um Corporate Design, Entwicklung der Firmen- und Produktlogos.<\/p>\n\n\n\n<h3 class=\"wp-block-heading\"><a>7.&nbsp;&nbsp;&nbsp;&nbsp;&nbsp; Sonstige Services<\/a><\/h3>\n\n\n\n<p>Singabiz\u00ae Ltd. und Singabiz\u00ae Network sind st\u00e4ndig bestrebt, den Kunden auch weitere Services anzubieten, die bei einem Start in die Selbst\u00e4ndigkeit, bei der Gr\u00fcndung eines neuen Unternehmens, bei der Expansion auf neue M\u00e4rkte, bei der Optimierung der Gesch\u00e4ftsprozesse usw. wichtig sein k\u00f6nnen. Die aktuell angebotenen Services k\u00f6nnen der Servicematrix, sowie den Preislisten entnommen werden.<\/p>\n\n\n\n<h2 class=\"wp-block-heading\"><a>III.&nbsp;&nbsp;&nbsp;&nbsp;&nbsp;&nbsp;&nbsp;&nbsp;&nbsp;&nbsp;&nbsp;&nbsp;&nbsp;&nbsp;&nbsp; Zustandekommen des Vertrages<\/a><\/h2>\n\n\n\n<p>III.1 Der Vertrag zwischen dem Kunden und Singabiz\u00ae Ltd. bzw. einem oder mehreren Partner(n) von Singabiz\u00ae Network kommt zustande, indem der Kunde den entsprechenden Auftrag vollst\u00e4ndig ausf\u00fcllt und zusammen mit den notwendigen Formularen, Unterlagen, Kopien, Dokumenten etc. an Singabiz\u00ae \u00fcbermittelt, sowie die anschlie\u00dfend erhaltene(n) Rechnung(en) von Singabiz\u00ae Ltd., Singabiz\u00ae Network bzw. von Partnern von Singabiz\u00ae Network vollst\u00e4ndig bezahlt.<\/p>\n\n\n\n<p>III.2 Durch die Unterzeichnung des Antrages werden automatisch die geltenden Allgemeinen Gesch\u00e4ftsbedingungen von Singabiz\u00ae Ltd. und Singabiz\u00ae Network vollst\u00e4ndig anerkannt.<\/p>\n\n\n\n<h2 class=\"wp-block-heading\"><a>IV.&nbsp;&nbsp;&nbsp;&nbsp;&nbsp;&nbsp;&nbsp;&nbsp;&nbsp;&nbsp;&nbsp;&nbsp;&nbsp;&nbsp; Bezahlung der Leistungen<\/a><\/h2>\n\n\n\n<p>IV.1 Nach Erhalt, der \u00dcberpr\u00fcfung und der Bearbeitung des Kundenantrages erstellt Singabiz\u00ae Ltd., Singabiz\u00ae Network (im Namen und auf Rechnung vom jeweiligen Partner) bzw. der jeweilige Partner\/ die jeweiligen Partner direkt eine Rechnung \/ Rechnungen an den Kunden. Die erstellte(n) Rechnung(en) ist\/ sind ein Nachweis der Annahme des Kundenauftrages.<\/p>\n\n\n\n<p>IV.2 Im Falle wiederkehrender Leistungen wird ein Kautionsbetrag in H\u00f6he einer wiederkehrenden Geb\u00fchr f\u00fcr alle wiederkehrende Leistungen erhoben.<\/p>\n\n\n\n<p>IV.3 Vor Erhalt der Leistungen von Singabiz\u00ae Ltd. und Partnern von Singabiz\u00ae Network soll die Rechnung vollst\u00e4ndig beglichen sein. Eine Teilzahlung berechtigt den Kunden nicht, Leistungen seitens Singabiz\u00ae Ltd. bzw. seitens Partner von Singabiz\u00ae Network zu erhalten.<\/p>\n\n\n\n<p>IV.4 Die Zahlungen erfolgen ausschlie\u00dflich in CHF, EUR, GBP, USD or stable coins erfolgen. Ausnahmen k\u00f6nnen nur gelten, wenn die Rechnungsstellung vom lokalen Singabiz\u00ae Network Partner an einen lokalen Kunden im gleichen Land erfolgt oder die Zahlung explit von Singabiz\u00ae genehmigt wurde.<\/p>\n\n\n\n<p>IV.5 Wird eine internationale Zahlung vorgenommen, f\u00fcr die Geb\u00fchren m\u00f6glicher Zahlungsdienstleister berechnet werden, so gehen diese Geb\u00fchrenzahlungen vollst\u00e4ndig zulasten des Kunden. Der Abzug jedweder Zahlungs- bzw. Geldtransfergeb\u00fchren von dem Rechnungsbetrag ist nicht zul\u00e4ssig. Wird aufgrund dessen nicht der vollst\u00e4ndige Rechnungsbetrag verbucht, so gilt die Zahlung als Teilzahlung. Der Kunde soll in diesem Fall die Differenz schnellstm\u00f6glich auf eigene Kosten ausgleichen, bevor mit der Leistungserbringung begonnen werden kann.<\/p>\n\n\n\n<p>IV.6 F\u00fcr wiederkehrende Leistungen werden entsprechende Rechnungen jeweils einen Monat vor dem Ablauf der laufenden Periode (seit Beginn der Leistungserbringung) erstellt und an Kunden verschickt.<\/p>\n\n\n\n<p>IV.7 Rechnungen f\u00fcr wiederkehrende Leistungen sollen von Kunden ebenfalls zum in der Rechnung genannten Datum vollst\u00e4ndig beglichen werden, jedoch nicht sp\u00e4ter als das vorgesehene Startdatum f\u00fcr die neue Periode.<\/p>\n\n\n\n<h2 class=\"wp-block-heading\"><a>V.&nbsp;&nbsp;&nbsp;&nbsp;&nbsp;&nbsp;&nbsp;&nbsp;&nbsp;&nbsp;&nbsp;&nbsp;&nbsp;&nbsp;&nbsp;&nbsp; Erbringung der Leistungen, Haftung<\/a><\/h2>\n\n\n\n<p>V.1 Die Leistungserbringung seitens Singabiz\u00ae Ltd. und Partner von Singabiz\u00ae Network beginnt erst mit der vollst\u00e4ndigen Bezahlung der Rechnung (Eingang des vollst\u00e4ndigen Betrages auf dem Rechnungskonto).<\/p>\n\n\n\n<p>V.2 Es werden ausschlie\u00dflich beauftragten Leistungen erbracht, auch wenn Singabiz\u00ae Ltd. bzw. Partner von Singabiz\u00ae Network in dem jeweiligen Land weitere Leistungen erbringen. M\u00f6chte der Kunde zus\u00e4tzliche Leistungen von Singabiz\u00ae Ltd. bzw. von Partnern von Singabiz\u00ae Network erhalten, so m\u00fcssen diese jeweils zuerst explizit beauftragt und bezahlt werden.<\/p>\n\n\n\n<p>V.3 Wird w\u00e4hrend der laufenden Leistungserbringung festgestellt, dass f\u00fcr die Fortsetzung der Leistungserbringung weitere Unterlagen vom Kunden ben\u00f6tigt werden oder andere Hinderungsgr\u00fcnde bestehen, so wird der Kunden unverz\u00fcglich dar\u00fcber in Kenntnis gesetzt. Es ist in diesem Fall die Verpflichtung des Kunden, die ben\u00f6tigten Unterlagen zu besorgen und Singabiz\u00ae Ltd. bzw. dem leistungserbringenden Partner von Singabiz\u00ae Network zur Verf\u00fcgung zu stellen. F\u00fcr einen m\u00f6glichen Verzug in Leistungserbringung in einem solchen Fall haften weder Singabiz\u00ae Ltd. noch Partner von Singabiz\u00ae Network.<\/p>\n\n\n\n<p>V.4 Grunds\u00e4tzlich haften Singabiz\u00ae Ltd. und Partner von Singabiz\u00ae Network ausschlie\u00dflich im Falle einer groben Fahrl\u00e4ssigkeit seitens Singabiz\u00ae Ltd. bzw. des jeweiligen Partners von Singabiz\u00ae Network. Sonstige Haftungsf\u00e4lle sind ausgeschlossen.<\/p>\n\n\n\n<h2 class=\"wp-block-heading\"><a>VI.&nbsp;&nbsp;&nbsp;&nbsp;&nbsp;&nbsp;&nbsp;&nbsp;&nbsp;&nbsp;&nbsp;&nbsp;&nbsp;&nbsp; Kommunikation zwischen Kunden und Singabiz\u00ae, Singabiz\u00ae Network<\/a><\/h2>\n\n\n\n<h3 class=\"wp-block-heading\"><a>1.&nbsp;&nbsp;&nbsp;&nbsp;&nbsp; Informationspflichten des Kunden<\/a><\/h3>\n\n\n\n<p>VI.1.1 Der Kunde ist verpflichtet, s\u00e4mtliche Informationen, Dokumente und weitere Unterlagen, die f\u00fcr die Leistungserbringung seitens Singabiz\u00ae Ltd. und Partner von Singabiz\u00ae Network ben\u00f6tigt werden, unverz\u00fcglich zur Verf\u00fcgung zu stellen.<\/p>\n\n\n\n<p>VI.1.2 Ergeben sich im Laufe der Leistungserbringung \u00c4nderungen, die f\u00fcr die Leistungserbringung oder gar f\u00fcr die Gesch\u00e4ftsbeziehungen zum Kunden relevant sein k\u00f6nnten (z.B., \u00c4nderungen in der Gesch\u00e4ftsf\u00fchrung, Gesch\u00e4ftsadresse, Gegenstand des Unternehmens etc.), so ist der Kunde verpflichtet, auch diese \u00c4nderungen unverz\u00fcglich den beteiligten Parteien (Singabiz\u00ae Ltd., Partner von Singabiz\u00ae Network) mitzuteilen.<\/p>\n\n\n\n<h3 class=\"wp-block-heading\"><a>2.&nbsp;&nbsp;&nbsp;&nbsp;&nbsp; Informationspflichten seitens Singabiz\u00ae und Singabiz\u00ae Network<\/a><\/h3>\n\n\n\n<p>Singabiz\u00ae Ltd. sowie Partner von Singabiz\u00ae Network, die am Beratungs- und Betreuungsprozess beteiligt sind, sind verpflichtet, die ihnen bekanntwerdenden Umst\u00e4nde, Informationen und Unterlagen, die f\u00fcr die Zusammenarbeit mit dem Kunden von Bedeutung sind und von denen der Kunde unterrichtet werden soll, unverz\u00fcglich dem Kunden mitzuteilen.<\/p>\n\n\n\n<h2 class=\"wp-block-heading\"><a>VII.&nbsp;&nbsp;&nbsp;&nbsp;&nbsp;&nbsp;&nbsp;&nbsp;&nbsp;&nbsp;&nbsp;&nbsp; Zahlungsverzug<\/a><\/h2>\n\n\n\n<p>VII.1 Wird die erste Rechnung vom Kunden versp\u00e4tet beglichen, so fangen die Aktivit\u00e4ten seitens Singabiz\u00ae Ltd. bzw. vom betroffenen Partner von Singabiz\u00ae Network ebenfalls versp\u00e4tet an (ab dem Zeitpunkt der vollst\u00e4ndigen Rechnungsbegleichung).<\/p>\n\n\n\n<p>VII.2 Werden die Folgerechnungen f\u00fcr wiederkehrende Leistungen versp\u00e4tet beglichen, so ger\u00e4t der Kunde automatisch 30 Tage nach dem Rechnungsversand in Verzug. In diesem Fall werden dem Kunden neben dem urspr\u00fcnglichen Rechnungsbetrag Mahngeb\u00fchren der jeweiligen betroffenen Partner von Singabiz\u00ae Network bzw. von Singabiz\u00ae Ltd. sowie Verzugszinsen in Rechnung gestellt.<\/p>\n\n\n\n<h2 class=\"wp-block-heading\"><a>VIII.&nbsp;&nbsp;&nbsp;&nbsp;&nbsp;&nbsp;&nbsp;&nbsp;&nbsp;&nbsp; Beendigung des Vertragsverh\u00e4ltnisses<\/a><\/h2>\n\n\n\n<h3 class=\"wp-block-heading\"><a>1.&nbsp;&nbsp;&nbsp;&nbsp;&nbsp; Regul\u00e4re K\u00fcndigung, Fristen<\/a><\/h3>\n\n\n\n<p>VIII.1.1 Werden einmalige Beratungsdienstleistungen erbracht, so gilt das Vertragsverh\u00e4ltnis als beendet, sobald die geschuldete Beratungsdienstleistung vollst\u00e4ndig erbracht und bezahlt wurde. In diesem Fall bedarf es keiner separaten K\u00fcndigung.<\/p>\n\n\n\n<p>VIII.1.2 Geht es um wiederkehrende Dienstleistungen von Singabiz\u00ae Ltd. und\/ oder von Partnern von Singabiz\u00ae Network, so k\u00f6nnen solche Vertragsverh\u00e4ltnisse von jeder beteiligten Partei zum Ablauf der vereinbarten Frist regul\u00e4r gek\u00fcndigt werden. Betr\u00e4gt die Vertragslaufzeit ein Jahr oder l\u00e4nger, so soll die K\u00fcndigung sp\u00e4testens 3 Monate vor dem Ablauf des vereinbarten Vertragsfrist bei der anderen Partei eingehen. Bei k\u00fcrzeren Laufzeiten soll die K\u00fcndigung mindestens zwei Wochen vor dem Ende der vereinbarten Vertragslaufzeit bei der anderen Partei eingehen.<\/p>\n\n\n\n<p>VIII.1.3 Wird der Vertrag \u00fcber wiederkehrende Leistungen nicht proaktiv von einer der beteiligten Parteien innerhalb der vorgegebenen Frist gek\u00fcndigt, so verl\u00e4ngert sich der Vertrag automatisch um eine weitere Vertragsperiode, die mit der urspr\u00fcnglichen Vertragsperiode identisch ist.<\/p>\n\n\n\n<p>VIII.1.4 Sind in den jeweiligen Individualvertr\u00e4gen zwischen dem Kunden und dem jeweiligen Partner von Singabiz\u00ae Network abweichende K\u00fcndigungsfristen vereinbart, so haben diese Individualvereinbarungen und -vertr\u00e4ge Vorrang.<\/p>\n\n\n\n<h3 class=\"wp-block-heading\"><a>2.&nbsp;&nbsp;&nbsp;&nbsp;&nbsp; Fristlose K\u00fcndigung<\/a><\/h3>\n\n\n\n<p>VIII.2.1 Eine fristlose K\u00fcndigung kann von Kunden von Singabiz\u00ae Ltd. oder von Partnern von Singabiz\u00ae Network nur erfolgen, wenn diese auf eine grobe Fahrl\u00e4ssigkeit bzw. eine grobe Pflichtverletzung seitens Singabiz\u00ae Ltd. oder Partner von Singabiz\u00ae Network zur\u00fcckzuf\u00fchren ist. Wird ein Vertrag mit einem Partner von Singabiz\u00ae Network fristlos durch den Kunden gek\u00fcndigt, so betrifft es in keiner Weise Vertr\u00e4ge und Vereinbarungen mit anderen Partnern von Singabiz\u00ae Network oder mit Singabiz\u00ae Ltd.<\/p>\n\n\n\n<p>VIII.2.2 Singabiz\u00ae Ltd. und\/ oder Partner von Singabiz\u00ae Network sind zur fristlosen K\u00fcndigung berechtigt, wenn Informationen oder Indizien \u00fcber die Beteiligung des Kunden in gesetzwidrigen Aktivit\u00e4ten vorliegen bzw. in Aktivit\u00e4ten, die den Ruf von Singabiz\u00ae Ltd. und\/ oder Partnern von Singabiz\u00ae Network sch\u00e4digen k\u00f6nnen<a>, oder wenn der Kunde seine Kooperationspflichten mit Singabiz\u00ae Ltd. und\/ oder Partnern von Singabiz\u00ae Network derartig verletzt, dass eine weitere Zusammenarbeit zwischen dem Kunden und Singabiz\u00ae Ltd.\/ Partnern von Singabiz\u00ae Network nicht zumutbar ist.<\/a><\/p>\n\n\n\n<h3 class=\"wp-block-heading\"><a>3.&nbsp;&nbsp;&nbsp;&nbsp;&nbsp; Offene Zahlungsforderungen<\/a><\/h3>\n\n\n\n<p>VIII.3.1 Ger\u00e4t der Kunde in Zahlungsverzug und kommt er seiner Zahlungspflicht auch nach Mahnungen nicht nach, so kann der Vertrag mit dem Kunden seitens Singabiz\u00ae Ltd. bzw. seitens der betroffenen Partner von Singabiz\u00ae Network fristlos gek\u00fcndigt werden.<\/p>\n\n\n\n<p>VIII.3.2 Durch die fristlose K\u00fcndigung wegen Zahlungsverzug gehen die Zahlungsforderungen gegen\u00fcber dem betroffenen Kunden nicht verloren und k\u00f6nnen weiterhin von Singabiz\u00ae Ltd. bzw. von Partnern von Singabiz\u00ae Network verfolgt werden.<\/p>\n\n\n\n<h2 class=\"wp-block-heading\"><a>IX.&nbsp;&nbsp;&nbsp;&nbsp;&nbsp;&nbsp;&nbsp;&nbsp;&nbsp;&nbsp;&nbsp;&nbsp;&nbsp;&nbsp;&nbsp; Datenschutz<\/a><\/h2>\n\n\n\n<p>Im Zusammenhang mit der Anbahnung, Abschluss, Abwicklung und R\u00fcckabwicklung eines Vertrages auf Grundlage dieser AGB werden von Singabiz\u00ae Ltd. Daten erhoben, gespeichert und verarbeitet. Dies geschieht im Rahmen der gesetzlichen Bestimmungen. Singabiz\u00ae Ltd. gibt keine personenbezogenen Daten des Kunden an Dritte weiter, es sei denn, dass er hierzu gesetzlich verpflichtet w\u00e4re, der Kunde vorher ausdr\u00fccklich eingewilligt hat oder es handelt sich dabei um Partner von Singabiz\u00ae Network, die zur Leistungserbringung unabdingbar sind. Wird ein Dritter f\u00fcr Dienstleistungen im Zusammenhang mit der Abwicklung von Verarbeitungsprozessen eingesetzt, so werden die Bestimmungen des Bundesdatenschutzgesetzes eingehalten. Die vom Kunden im Wege der Bestellung mitgeteilten Daten werden ausschlie\u00dflich zur Kontaktaufnahme innerhalb des Rahmens der Vertragsabwicklung und nur zu dem Zweck verarbeitet, zu dem der Kunde die Daten zur Verf\u00fcgung gestellt hat. Die Zahlungsdaten werden an das mit der Zahlung beauftragte Kreditinstitut weitergegeben. Soweit Singabiz\u00ae Ltd. oder Partner von Singabiz\u00ae Network Aufbewahrungsfristen handels- oder steuerrechtlicher Natur treffen, kann die Speicherung einiger Daten bis zu zehn Jahre dauern. Auf Wunsch des Kunden werden im Rahmen der gesetzlichen Bestimmungen die personenbezogenen Daten gel\u00f6scht, korrigiert oder gesperrt. Eine unentgeltliche Auskunft \u00fcber alle personenbezogenen Daten des Kunden ist m\u00f6glich. F\u00fcr Fragen und Antr\u00e4ge auf L\u00f6schung, Korrektur oder Sperrung personenbezogener Daten sowie Erhebung, Verarbeitung und Nutzung kann sich der Kunde an die folgende Adresse wenden: Singabiz\u00ae Limited, Dublin, Zweigniederlassung Baar, z.Hd. Gesch\u00e4ftsf\u00fchrer, Zugerstr. 32, 6340 Baar, Schweiz, Tel.: +49 1803 858591-0, E-Mail: info at Singabiz\u00ae.com.<\/p>\n\n\n\n<h2 class=\"wp-block-heading\"><a>X.&nbsp;&nbsp;&nbsp;&nbsp;&nbsp;&nbsp;&nbsp;&nbsp;&nbsp;&nbsp;&nbsp;&nbsp;&nbsp;&nbsp;&nbsp;&nbsp;&nbsp; Salvatorische Klausel<\/a><\/h2>\n\n\n\n<p>X.1 Sollte eine oder mehrere Bestimmungen dieser Allgemeinen Bedingungen ung\u00fcltig sein oder werden, so beeinflusst diese Tatsache nicht die restlichen Bestimmungen der vorliegenden Allgemeinen Bedingungen.<\/p>\n\n\n\n<p>X.2 Singabiz\u00ae Ltd. und Singabiz\u00ae Network werden in solch einem Fall eine ung\u00fcltige Klausel durch eine g\u00fcltige ersetzen, die dem urspr\u00fcnglichen Sinn und Zweck der ung\u00fcltigen Klausel am n\u00e4chsten kommt.<\/p>\n\n\n\n<p>X.3 Bestehende Kunden und Partner von Singabiz\u00ae Network werden \u00fcber solch eine \u00c4nderung zeitnah informiert.<\/p>\n\n\n\n<h2 class=\"wp-block-heading\"><a>XI.&nbsp;&nbsp;&nbsp;&nbsp;&nbsp;&nbsp;&nbsp;&nbsp;&nbsp;&nbsp;&nbsp;&nbsp;&nbsp;&nbsp;&nbsp; Gerichtsstand, Beilegung von Streitigkeiten<\/a><\/h2>\n\n\n\n<p>Der Gerichtsstand ist Zug, Schweiz. F\u00fcr s\u00e4mtliche Auseinandersetzungen gilt ausschlie\u00dflich schweizerisches Recht.<\/p>\n\n\n\n<p>Version: 4.1<\/p>\n\n\n\n<p>Stand: Oktober 2025<\/p>\n","protected":false},"excerpt":{"rendered":"<p>Allgemeine Gesch\u00e4ftsbedingungen von Singabiz\u00ae Ltd. und Singabiz\u00ae Network I.\u00a0\u00a0\u00a0\u00a0\u00a0\u00a0\u00a0\u00a0\u00a0\u00a0\u00a0\u00a0\u00a0\u00a0\u00a0\u00a0\u00a0\u00a0\u00a0 Pr\u00e4ambel Die vorliegenden Allgemeinen Gesch\u00e4ftsbedingungen regeln Gesch\u00e4ftsbeziehungen zwischen Singabiz\u00ae Ltd. und Partnern von Singabiz\u00ae Network einerseits und Kunden von Singabiz\u00ae Ltd. und von Partnern von Singabiz\u00ae Network andererseits. 1.&nbsp;&nbsp;&nbsp;&nbsp;&nbsp; Begriffe \u201eSingabiz\u00ae Ltd.\u201c \u2013 Singabiz\u00ae Ltd. mit operativem Sitz in Zugerstr. 32,<\/p>\n","protected":false},"author":1,"featured_media":0,"parent":0,"menu_order":220,"comment_status":"closed","ping_status":"closed","template":"","meta":{"footnotes":""},"class_list":["post-61","page","type-page","status-publish","hentry"],"_links":{"self":[{"href":"https:\/\/singabiz.com\/de\/wp-json\/wp\/v2\/pages\/61","targetHints":{"allow":["GET"]}}],"collection":[{"href":"https:\/\/singabiz.com\/de\/wp-json\/wp\/v2\/pages"}],"about":[{"href":"https:\/\/singabiz.com\/de\/wp-json\/wp\/v2\/types\/page"}],"author":[{"embeddable":true,"href":"https:\/\/singabiz.com\/de\/wp-json\/wp\/v2\/users\/1"}],"replies":[{"embeddable":true,"href":"https:\/\/singabiz.com\/de\/wp-json\/wp\/v2\/comments?post=61"}],"version-history":[{"count":2,"href":"https:\/\/singabiz.com\/de\/wp-json\/wp\/v2\/pages\/61\/revisions"}],"predecessor-version":[{"id":235,"href":"https:\/\/singabiz.com\/de\/wp-json\/wp\/v2\/pages\/61\/revisions\/235"}],"wp:attachment":[{"href":"https:\/\/singabiz.com\/de\/wp-json\/wp\/v2\/media?parent=61"}],"curies":[{"name":"wp","href":"https:\/\/api.w.org\/{rel}","templated":true}]}}