{"id":165,"date":"2017-11-19T11:44:55","date_gmt":"2017-11-19T10:44:55","guid":{"rendered":"https:\/\/singabiz.com\/en\/?page_id=165"},"modified":"2017-11-19T11:47:12","modified_gmt":"2017-11-19T10:47:12","slug":"media-about-singabiz","status":"publish","type":"page","link":"https:\/\/singabiz.com\/en\/media-about-singabiz\/","title":{"rendered":"Media about Singabiz"},"content":{"rendered":"<p>Soon after its own incorporation Singabiz managed to be mentioned in a book. It is a German book <a href=\"https:\/\/www.amazon.de\/gp\/product\/B01HVXPM0Q\/ref=as_li_tl?ie=UTF8&amp;camp=1638&amp;creative=6742&amp;creativeASIN=B01HVXPM0Q&amp;linkCode=as2&amp;tag=wwwsingabizco-21&amp;linkId=92b5c48633e2c75b6b5f96a1ee660fd3\" target=\"_blank\" rel=\"noopener\">B\u00fcroplatz? Weg damit!: Delegiere, reise, arbeite von \u00fcberall und sei gl\u00fccklicher<\/a><img loading=\"lazy\" decoding=\"async\" style=\"border: none !important; margin: 0px !important;\" src=\"\/\/ir-de.amazon-adsystem.com\/e\/ir?t=wwwsingabizco-21&amp;l=am2&amp;o=3&amp;a=B01HVXPM0Q\" alt=\"\" width=\"1\" height=\"1\" border=\"0\" \/> by Niclas Maas:<br \/>\n<a href=\"https:\/\/www.amazon.de\/gp\/product\/B01HVXPM0Q\/ref=as_li_tl?ie=UTF8&amp;camp=1638&amp;creative=6742&amp;creativeASIN=B01HVXPM0Q&amp;linkCode=as2&amp;tag=wwwsingabizco-21&amp;linkId=680eb3e8dc776f3b4eaec21a003f0787\" target=\"_blank\" rel=\"noopener\"><img decoding=\"async\" src=\"\/\/ws-eu.amazon-adsystem.com\/widgets\/q?_encoding=UTF8&amp;MarketPlace=DE&amp;ASIN=B01HVXPM0Q&amp;ServiceVersion=20070822&amp;ID=AsinImage&amp;WS=1&amp;Format=_SL160_&amp;tag=wwwsingabizco-21\" border=\"0\" \/><\/a><img loading=\"lazy\" decoding=\"async\" style=\"border: none !important; margin: 0px !important;\" src=\"\/\/ir-de.amazon-adsystem.com\/e\/ir?t=wwwsingabizco-21&amp;l=am2&amp;o=3&amp;a=B01HVXPM0Q\" alt=\"\" width=\"1\" height=\"1\" border=\"0\" \/><\/p>\n","protected":false},"excerpt":{"rendered":"<p>Soon after its own incorporation Singabiz managed to be mentioned in a book. It is a German book B\u00fcroplatz? Weg damit!: Delegiere, reise, arbeite von \u00fcberall und sei gl\u00fccklicher by Niclas Maas:<\/p>\n","protected":false},"author":1,"featured_media":0,"parent":0,"menu_order":40,"comment_status":"closed","ping_status":"closed","template":"","meta":{"footnotes":""},"class_list":["post-165","page","type-page","status-publish","hentry"],"_links":{"self":[{"href":"https:\/\/singabiz.com\/en\/wp-json\/wp\/v2\/pages\/165","targetHints":{"allow":["GET"]}}],"collection":[{"href":"https:\/\/singabiz.com\/en\/wp-json\/wp\/v2\/pages"}],"about":[{"href":"https:\/\/singabiz.com\/en\/wp-json\/wp\/v2\/types\/page"}],"author":[{"embeddable":true,"href":"https:\/\/singabiz.com\/en\/wp-json\/wp\/v2\/users\/1"}],"replies":[{"embeddable":true,"href":"https:\/\/singabiz.com\/en\/wp-json\/wp\/v2\/comments?post=165"}],"version-history":[{"count":2,"href":"https:\/\/singabiz.com\/en\/wp-json\/wp\/v2\/pages\/165\/revisions"}],"predecessor-version":[{"id":167,"href":"https:\/\/singabiz.com\/en\/wp-json\/wp\/v2\/pages\/165\/revisions\/167"}],"wp:attachment":[{"href":"https:\/\/singabiz.com\/en\/wp-json\/wp\/v2\/media?parent=165"}],"curies":[{"name":"wp","href":"https:\/\/api.w.org\/{rel}","templated":true}]}}