{"id":29,"date":"2020-06-19T12:08:46","date_gmt":"2020-06-19T10:08:46","guid":{"rendered":"https:\/\/singabiz.com\/ru\/?page_id=29"},"modified":"2023-08-02T12:13:37","modified_gmt":"2023-08-02T10:13:37","slug":"massmedia","status":"publish","type":"page","link":"https:\/\/singabiz.com\/ru\/massmedia\/","title":{"rendered":"\u0421\u0438\u043d\u0433\u0430\u0431\u0438\u0437 \u0432 \u0421\u041c\u0418"},"content":{"rendered":"\n<p>\u0423\u0436\u0435 \u0432 \u043f\u0435\u0440\u0432\u044b\u0435 \u0433\u043e\u0434\u044b \u0441\u0432\u043e\u0435\u0433\u043e \u0441\u0443\u0449\u0435\u0441\u0442\u0432\u043e\u0432\u0430\u043d\u0438\u044f \u0421\u0438\u043d\u0433\u0430\u0431\u0438\u0437 \u0441\u043c\u043e\u0433\u043b\u0430 \u0431\u044b\u0442\u044c \u0443\u043f\u043e\u043c\u044f\u043d\u0443\u0442\u043e\u0439 \u0432 \u043a\u043d\u0438\u0433\u0435 \u043f\u043e \u0431\u0438\u0437\u043d\u0435\u0441\u0443. \u0420\u0435\u0447\u044c \u0438\u0434\u0435\u0442 \u043e <a rel=\"noreferrer noopener\" href=\"https:\/\/www.amazon.de\/gp\/product\/B01HVXPM0Q\/ref=as_li_tl?ie=UTF8&amp;camp=1638&amp;creative=6742&amp;creativeASIN=B01HVXPM0Q&amp;linkCode=as2&amp;tag=wwwsingabizco-21&amp;linkId=92b5c48633e2c75b6b5f96a1ee660fd3\" target=\"_blank\">B\u00fcroplatz? Weg damit!: Delegiere, reise, arbeite von \u00fcberall und sei gl\u00fccklicher<\/a> \u041d\u0438\u043a\u043b\u0430\u0441\u0430 \u041c\u0430\u0430\u0441\u0430:<\/p>\n\n\n\n<figure class=\"wp-block-image\"><a href=\"https:\/\/www.amazon.de\/gp\/product\/B01HVXPM0Q\/ref=as_li_tl?ie=UTF8&amp;camp=1638&amp;creative=6742&amp;creativeASIN=B01HVXPM0Q&amp;linkCode=as2&amp;tag=wwwsingabizco-21&amp;linkId=680eb3e8dc776f3b4eaec21a003f0787\" target=\"_blank\" rel=\"noreferrer noopener\"><img decoding=\"async\" src=\"\/\/ws-eu.amazon-adsystem.com\/widgets\/q?_encoding=UTF8&amp;MarketPlace=DE&amp;ASIN=B01HVXPM0Q&amp;ServiceVersion=20070822&amp;ID=AsinImage&amp;WS=1&amp;Format=_SL160_&amp;tag=wwwsingabizco-21\" alt=\"\"\/><\/a><\/figure>\n","protected":false},"excerpt":{"rendered":"<p>\u0423\u0436\u0435 \u0432 \u043f\u0435\u0440\u0432\u044b\u0435 \u0433\u043e\u0434\u044b \u0441\u0432\u043e\u0435\u0433\u043e \u0441\u0443\u0449\u0435\u0441\u0442\u0432\u043e\u0432\u0430\u043d\u0438\u044f \u0421\u0438\u043d\u0433\u0430\u0431\u0438\u0437 \u0441\u043c\u043e\u0433\u043b\u0430 \u0431\u044b\u0442\u044c \u0443\u043f\u043e\u043c\u044f\u043d\u0443\u0442\u043e\u0439 \u0432 \u043a\u043d\u0438\u0433\u0435 \u043f\u043e \u0431\u0438\u0437\u043d\u0435\u0441\u0443. \u0420\u0435\u0447\u044c \u0438\u0434\u0435\u0442 \u043e B\u00fcroplatz? Weg damit!: Delegiere, reise, arbeite von \u00fcberall und sei gl\u00fccklicher \u041d\u0438\u043a\u043b\u0430\u0441\u0430 \u041c\u0430\u0430\u0441\u0430:<\/p>\n","protected":false},"author":1,"featured_media":0,"parent":0,"menu_order":40,"comment_status":"closed","ping_status":"closed","template":"","meta":{"footnotes":""},"class_list":["post-29","page","type-page","status-publish","hentry"],"_links":{"self":[{"href":"https:\/\/singabiz.com\/ru\/wp-json\/wp\/v2\/pages\/29","targetHints":{"allow":["GET"]}}],"collection":[{"href":"https:\/\/singabiz.com\/ru\/wp-json\/wp\/v2\/pages"}],"about":[{"href":"https:\/\/singabiz.com\/ru\/wp-json\/wp\/v2\/types\/page"}],"author":[{"embeddable":true,"href":"https:\/\/singabiz.com\/ru\/wp-json\/wp\/v2\/users\/1"}],"replies":[{"embeddable":true,"href":"https:\/\/singabiz.com\/ru\/wp-json\/wp\/v2\/comments?post=29"}],"version-history":[{"count":1,"href":"https:\/\/singabiz.com\/ru\/wp-json\/wp\/v2\/pages\/29\/revisions"}],"predecessor-version":[{"id":30,"href":"https:\/\/singabiz.com\/ru\/wp-json\/wp\/v2\/pages\/29\/revisions\/30"}],"wp:attachment":[{"href":"https:\/\/singabiz.com\/ru\/wp-json\/wp\/v2\/media?parent=29"}],"curies":[{"name":"wp","href":"https:\/\/api.w.org\/{rel}","templated":true}]}}